{"id":48170,"date":"2023-11-28T21:05:47","date_gmt":"2023-11-28T20:05:47","guid":{"rendered":"https:\/\/sygris.com\/entre-em-contato-com-a-sygris\/"},"modified":"2026-01-15T10:47:14","modified_gmt":"2026-01-15T09:47:14","slug":"entre-em-contato-com-a-sygris","status":"publish","type":"page","link":"https:\/\/sygris.com\/pt-br\/entre-em-contato-com-a-sygris\/","title":{"rendered":"Entre em contato com a Sygris"},"content":{"rendered":"\t\t<div data-elementor-type=\"wp-page\" data-elementor-id=\"48170\" class=\"elementor elementor-48170 elementor-28526\" data-elementor-post-type=\"page\">\n\t\t\t\t<div class=\"elementor-element elementor-element-2f6ed70 e-flex e-con-boxed e-con e-parent\" data-id=\"2f6ed70\" data-element_type=\"container\">\n\t\t\t\t\t<div class=\"e-con-inner\">\n\t\t<div class=\"elementor-element elementor-element-ec80aca e-con-full e-flex e-con e-child\" data-id=\"ec80aca\" data-element_type=\"container\">\n\t\t<div class=\"elementor-element elementor-element-abbc8ed e-con-full e-flex e-con e-child\" data-id=\"abbc8ed\" data-element_type=\"container\">\n\t\t<div class=\"elementor-element elementor-element-c690630 e-flex e-con-boxed e-con e-child\" data-id=\"c690630\" data-element_type=\"container\">\n\t\t\t\t\t<div class=\"e-con-inner\">\n\t\t\t\t<div class=\"elementor-element elementor-element-5a1bfc6 elementor-widget elementor-widget-heading\" data-id=\"5a1bfc6\" data-element_type=\"widget\" data-widget_type=\"heading.default\">\n\t\t\t\t<div class=\"elementor-widget-container\">\n\t\t\t\t\t<h1 class=\"elementor-heading-title elementor-size-default\">Estamos aqui para <span style=\"font-family: 'Lora';font-style: italic\">ajudar voc\u00ea<\/span>\n<\/h1>\t\t\t\t<\/div>\n\t\t\t\t<\/div>\n\t\t\t\t<div class=\"elementor-element elementor-element-e1a124f elementor-widget elementor-widget-text-editor\" data-id=\"e1a124f\" data-element_type=\"widget\" data-widget_type=\"text-editor.default\">\n\t\t\t\t<div class=\"elementor-widget-container\">\n\t\t\t\t\t\t\t\t\t<p>Na Sygris, acreditamos que as melhores conversas come\u00e7am com um &#8220;ol\u00e1&#8221;, vamos conversar?<\/p>\t\t\t\t\t\t\t\t<\/div>\n\t\t\t\t<\/div>\n\t\t\t\t\t<\/div>\n\t\t\t\t<\/div>\n\t\t<div class=\"elementor-element elementor-element-01966f7 e-con-full elementor-hidden-tablet elementor-hidden-mobile e-flex e-con e-child\" data-id=\"01966f7\" data-element_type=\"container\">\n\t\t\t\t<div class=\"elementor-element elementor-element-83a78cc elementor-widget elementor-widget-heading\" data-id=\"83a78cc\" data-element_type=\"widget\" data-widget_type=\"heading.default\">\n\t\t\t\t<div class=\"elementor-widget-container\">\n\t\t\t\t\t<h2 class=\"elementor-heading-title elementor-size-default\">Entre em contato conosco da maneira que voc\u00ea desejar:<\/h2>\t\t\t\t<\/div>\n\t\t\t\t<\/div>\n\t\t<div class=\"elementor-element elementor-element-c82eec9 e-con-full e-flex e-con e-child\" data-id=\"c82eec9\" data-element_type=\"container\">\n\t\t\t\t<div class=\"elementor-element elementor-element-b5358fa elementor-align-left elementor-icon-list--layout-traditional elementor-list-item-link-full_width elementor-widget elementor-widget-icon-list\" data-id=\"b5358fa\" data-element_type=\"widget\" data-widget_type=\"icon-list.default\">\n\t\t\t\t<div class=\"elementor-widget-container\">\n\t\t\t\t\t\t\t<ul class=\"elementor-icon-list-items\">\n\t\t\t\t\t\t\t<li class=\"elementor-icon-list-item\">\n\t\t\t\t\t\t\t\t\t\t\t<span class=\"elementor-icon-list-icon\">\n\t\t\t\t\t\t\t<i aria-hidden=\"true\" class=\"fal fa-envelope\"><\/i>\t\t\t\t\t\t<\/span>\n\t\t\t\t\t\t\t\t\t\t<span class=\"elementor-icon-list-text\">sales@sygris.com<\/span>\n\t\t\t\t\t\t\t\t\t<\/li>\n\t\t\t\t\t\t\t\t<li class=\"elementor-icon-list-item\">\n\t\t\t\t\t\t\t\t\t\t\t<span class=\"elementor-icon-list-icon\">\n\t\t\t\t\t\t\t<i aria-hidden=\"true\" class=\"fal fa-phone\"><\/i>\t\t\t\t\t\t<\/span>\n\t\t\t\t\t\t\t\t\t\t<span class=\"elementor-icon-list-text\">+34 91 623 73 84<\/span>\n\t\t\t\t\t\t\t\t\t<\/li>\n\t\t\t\t\t\t\t\t<li class=\"elementor-icon-list-item\">\n\t\t\t\t\t\t\t\t\t\t\t<span class=\"elementor-icon-list-icon\">\n\t\t\t\t\t\t\t<i aria-hidden=\"true\" class=\"fal fa-map-marker-alt\"><\/i>\t\t\t\t\t\t<\/span>\n\t\t\t\t\t\t\t\t\t\t<span class=\"elementor-icon-list-text\">Sygris Madrid C\/ Teide, 4. Planta Primera.  <br>28703. San Sebasti\u00e1n de los Reyes.<br>Madrid, Espa\u00f1a<\/span>\n\t\t\t\t\t\t\t\t\t<\/li>\n\t\t\t\t\t\t<\/ul>\n\t\t\t\t\t\t<\/div>\n\t\t\t\t<\/div>\n\t\t\t\t<\/div>\n\t\t\t\t<\/div>\n\t\t\t\t<\/div>\n\t\t\t\t<\/div>\n\t\t<div class=\"elementor-element elementor-element-5575854 e-con-full e-flex e-con e-child\" data-id=\"5575854\" data-element_type=\"container\">\n\t\t\t\t<div class=\"elementor-element elementor-element-bf906c6 elementor-widget elementor-widget-hubspot-form\" data-id=\"bf906c6\" data-element_type=\"widget\" data-widget_type=\"hubspot-form.default\">\n\t\t\t\t<div class=\"elementor-widget-container\">\n\t\t\t\t\t\n\t\t\t<div\n\t\t\tclass=\"hs-form-frame\"\n\t\t\tdata-region=\"eu1\"\n\t\t\tdata-form-id=\"1e7b09dd-d37d-406e-b39d-3caa63f85abb\"\n\t\t\tdata-portal-id=\"143783736\"\n\t\t\t >\n\t\t\t<\/div>\n\t\t\t\t\t\t\t<\/div>\n\t\t\t\t<\/div>\n\t\t\t\t<div class=\"elementor-element elementor-element-4677ce1 elementor-widget elementor-widget-hubspot-form\" data-id=\"4677ce1\" data-element_type=\"widget\" data-widget_type=\"hubspot-form.default\">\n\t\t\t\t<div class=\"elementor-widget-container\">\n\t\t\t\t\t\n\t\t\t<div\n\t\t\tclass=\"hs-form-frame\"\n\t\t\tdata-region=\"eu1\"\n\t\t\tdata-form-id=\"5ade41b1-6ff5-4566-9e6f-c192197a85e7\"\n\t\t\tdata-portal-id=\"143783736\"\n\t\t\t >\n\t\t\t<\/div>\n\t\t\t\t\t\t\t<\/div>\n\t\t\t\t<\/div>\n\t\t\t\t<div class=\"elementor-element elementor-element-b39b8b7 elementor-widget elementor-widget-hubspot-form\" data-id=\"b39b8b7\" data-element_type=\"widget\" data-widget_type=\"hubspot-form.default\">\n\t\t\t\t<div class=\"elementor-widget-container\">\n\t\t\t\t\t\n\t\t\t<div\n\t\t\tclass=\"hs-form-frame\"\n\t\t\tdata-region=\"eu1\"\n\t\t\tdata-form-id=\"9583998b-390a-4dc4-a36b-7837bb570a20\"\n\t\t\tdata-portal-id=\"143783736\"\n\t\t\t >\n\t\t\t<\/div>\n\t\t\t\t\t\t\t<\/div>\n\t\t\t\t<\/div>\n\t\t\t\t<\/div>\n\t\t\t\t\t<\/div>\n\t\t\t\t<\/div>\n\t\t\t\t<\/div>\n\t\t","protected":false},"excerpt":{"rendered":"<p>Estamos aqui para ajudar voc\u00ea Na Sygris, acreditamos que as melhores conversas come\u00e7am com um &#8220;ol\u00e1&#8221;, vamos conversar? Entre em contato conosco da maneira que voc\u00ea desejar: sales@sygris.com +34 91 623 73 84 Sygris Madrid C\/ Teide, 4. Planta Primera. 28703. San Sebasti\u00e1n de los Reyes.Madrid, Espa\u00f1a<\/p>\n","protected":false},"author":1,"featured_media":0,"parent":0,"menu_order":0,"comment_status":"closed","ping_status":"closed","template":"elementor_header_footer","meta":{"_acf_changed":false,"content-type":"","inline_featured_image":false,"footnotes":""},"class_list":["post-48170","page","type-page","status-publish","hentry"],"acf":[],"_links":{"self":[{"href":"https:\/\/sygris.com\/pt-br\/wp-json\/wp\/v2\/pages\/48170","targetHints":{"allow":["GET"]}}],"collection":[{"href":"https:\/\/sygris.com\/pt-br\/wp-json\/wp\/v2\/pages"}],"about":[{"href":"https:\/\/sygris.com\/pt-br\/wp-json\/wp\/v2\/types\/page"}],"author":[{"embeddable":true,"href":"https:\/\/sygris.com\/pt-br\/wp-json\/wp\/v2\/users\/1"}],"replies":[{"embeddable":true,"href":"https:\/\/sygris.com\/pt-br\/wp-json\/wp\/v2\/comments?post=48170"}],"version-history":[{"count":11,"href":"https:\/\/sygris.com\/pt-br\/wp-json\/wp\/v2\/pages\/48170\/revisions"}],"predecessor-version":[{"id":54962,"href":"https:\/\/sygris.com\/pt-br\/wp-json\/wp\/v2\/pages\/48170\/revisions\/54962"}],"wp:attachment":[{"href":"https:\/\/sygris.com\/pt-br\/wp-json\/wp\/v2\/media?parent=48170"}],"curies":[{"name":"wp","href":"https:\/\/api.w.org\/{rel}","templated":true}]}}