{"id":48233,"date":"2023-12-18T13:48:34","date_gmt":"2023-12-18T12:48:34","guid":{"rendered":"https:\/\/sygris.com\/obrigado-a-voce-assinatura-noticias\/"},"modified":"2025-10-15T11:29:11","modified_gmt":"2025-10-15T10:29:11","slug":"thank-you-pt-br-subscribe","status":"publish","type":"page","link":"https:\/\/sygris.com\/pt-br\/thank-you-pt-br-subscribe\/","title":{"rendered":"Obrigado a voc\u00ea &#8211; Assinatura &#8211; Not\u00edcias"},"content":{"rendered":"\t\t<div data-elementor-type=\"wp-page\" data-elementor-id=\"48233\" class=\"elementor elementor-48233 elementor-32212\" data-elementor-post-type=\"page\">\n\t\t\t\t<div class=\"elementor-element elementor-element-091f0be e-con-full e-flex e-con e-parent\" data-id=\"091f0be\" data-element_type=\"container\">\n\t\t<div class=\"elementor-element elementor-element-f0fccf0 e-con-full e-flex e-con e-child\" data-id=\"f0fccf0\" data-element_type=\"container\">\n\t\t<div class=\"elementor-element elementor-element-980b3ec e-con-full e-flex e-con e-child\" data-id=\"980b3ec\" data-element_type=\"container\">\n\t\t<div class=\"elementor-element elementor-element-63d97e1 e-con-full e-flex e-con e-child\" data-id=\"63d97e1\" data-element_type=\"container\">\n\t\t\t\t<div class=\"elementor-element elementor-element-b770669 elementor-widget elementor-widget-heading\" data-id=\"b770669\" data-element_type=\"widget\" data-widget_type=\"heading.default\">\n\t\t\t\t<div class=\"elementor-widget-container\">\n\t\t\t\t\t<div class=\"elementor-heading-title elementor-size-default\">Muito obrigado por sua assinatura!<\/div>\t\t\t\t<\/div>\n\t\t\t\t<\/div>\n\t\t\t\t<div class=\"elementor-element elementor-element-121e238 elementor-widget elementor-widget-text-editor\" data-id=\"121e238\" data-element_type=\"widget\" data-widget_type=\"text-editor.default\">\n\t\t\t\t<div class=\"elementor-widget-container\">\n\t\t\t\t\t\t\t\t\tEnviaremos todas as novidades para o endere\u00e7o de e-mail que voc\u00ea forneceu.\t\t\t\t\t\t\t\t<\/div>\n\t\t\t\t<\/div>\n\t\t\t\t<div class=\"elementor-element elementor-element-1cca912 elementor-widget elementor-widget-heading\" data-id=\"1cca912\" data-element_type=\"widget\" data-widget_type=\"heading.default\">\n\t\t\t\t<div class=\"elementor-widget-container\">\n\t\t\t\t\t<h6 class=\"elementor-heading-title elementor-size-default\">Voc\u00ea quer mais?<\/h6>\t\t\t\t<\/div>\n\t\t\t\t<\/div>\n\t\t\t\t<div class=\"elementor-element elementor-element-286b0ad elementor-widget elementor-widget-text-editor\" data-id=\"286b0ad\" data-element_type=\"widget\" data-widget_type=\"text-editor.default\">\n\t\t\t\t<div class=\"elementor-widget-container\">\n\t\t\t\t\t\t\t\t\t<p><span class=\"ui-provider dmx dmy ayo biw bix biy biz bja bjb bjc bjd bje bjf bjg bjh bji bjj bjk bjl bjm dmz dna bjp bjq bjr bjs bjt bju bjv bjw bjx bjy bjz bka bkb\" dir=\"ltr\">Veja todas as nossas solu\u00e7\u00f5es para gerenciar a sustentabilidade em sua empresa.<\/span><\/p>\t\t\t\t\t\t\t\t<\/div>\n\t\t\t\t<\/div>\n\t\t\t\t<div class=\"elementor-element elementor-element-d9bb30f elementor-widget elementor-widget-button\" data-id=\"d9bb30f\" data-element_type=\"widget\" data-widget_type=\"button.default\">\n\t\t\t\t<div class=\"elementor-widget-container\">\n\t\t\t\t\t\t\t\t\t<div class=\"elementor-button-wrapper\">\n\t\t\t\t\t<a class=\"elementor-button elementor-button-link elementor-size-sm\" href=\"http:\/\/sygris.com\">\n\t\t\t\t\t\t<span class=\"elementor-button-content-wrapper\">\n\t\t\t\t\t\t\t\t\t<span class=\"elementor-button-text\">Ir para a p\u00e1gina inicial<\/span>\n\t\t\t\t\t<\/span>\n\t\t\t\t\t<\/a>\n\t\t\t\t<\/div>\n\t\t\t\t\t\t\t\t<\/div>\n\t\t\t\t<\/div>\n\t\t\t\t<\/div>\n\t\t<div class=\"elementor-element elementor-element-6c4bf2b e-con-full e-flex e-con e-child\" data-id=\"6c4bf2b\" data-element_type=\"container\">\n\t\t\t\t<div class=\"elementor-element elementor-element-05360e8 elementor-align-center elementor-widget elementor-widget-lottie\" data-id=\"05360e8\" data-element_type=\"widget\" data-settings=\"{&quot;source_json&quot;:{&quot;url&quot;:&quot;http:\\\/\\\/sygris.com\\\/wp-content\\\/uploads\\\/2023\\\/07\\\/thank-you_vector.json&quot;,&quot;id&quot;:23895,&quot;size&quot;:&quot;&quot;,&quot;alt&quot;:&quot;&quot;,&quot;source&quot;:&quot;library&quot;},&quot;loop&quot;:&quot;yes&quot;,&quot;source&quot;:&quot;media_file&quot;,&quot;caption_source&quot;:&quot;none&quot;,&quot;link_to&quot;:&quot;none&quot;,&quot;trigger&quot;:&quot;arriving_to_viewport&quot;,&quot;viewport&quot;:{&quot;unit&quot;:&quot;%&quot;,&quot;size&quot;:&quot;&quot;,&quot;sizes&quot;:{&quot;start&quot;:0,&quot;end&quot;:100}},&quot;play_speed&quot;:{&quot;unit&quot;:&quot;px&quot;,&quot;size&quot;:1,&quot;sizes&quot;:[]},&quot;start_point&quot;:{&quot;unit&quot;:&quot;%&quot;,&quot;size&quot;:0,&quot;sizes&quot;:[]},&quot;end_point&quot;:{&quot;unit&quot;:&quot;%&quot;,&quot;size&quot;:100,&quot;sizes&quot;:[]},&quot;renderer&quot;:&quot;svg&quot;}\" data-widget_type=\"lottie.default\">\n\t\t\t\t<div class=\"elementor-widget-container\">\n\t\t\t\t\t<div class=\"e-lottie__container\"><div class=\"e-lottie__animation\"><\/div><\/div>\t\t\t\t<\/div>\n\t\t\t\t<\/div>\n\t\t\t\t<\/div>\n\t\t\t\t<\/div>\n\t\t\t\t<\/div>\n\t\t\t\t<\/div>\n\t\t\t\t<\/div>\n\t\t","protected":false},"excerpt":{"rendered":"<p>Muito obrigado por sua assinatura! Enviaremos todas as novidades para o endere\u00e7o de e-mail que voc\u00ea forneceu. Voc\u00ea quer mais? Veja todas as nossas solu\u00e7\u00f5es para gerenciar a sustentabilidade em sua empresa. Ir para a p\u00e1gina inicial<\/p>\n","protected":false},"author":1,"featured_media":0,"parent":0,"menu_order":0,"comment_status":"closed","ping_status":"closed","template":"elementor_header_footer","meta":{"_acf_changed":false,"content-type":"","inline_featured_image":false,"footnotes":""},"class_list":["post-48233","page","type-page","status-publish","hentry"],"acf":[],"_links":{"self":[{"href":"https:\/\/sygris.com\/pt-br\/wp-json\/wp\/v2\/pages\/48233","targetHints":{"allow":["GET"]}}],"collection":[{"href":"https:\/\/sygris.com\/pt-br\/wp-json\/wp\/v2\/pages"}],"about":[{"href":"https:\/\/sygris.com\/pt-br\/wp-json\/wp\/v2\/types\/page"}],"author":[{"embeddable":true,"href":"https:\/\/sygris.com\/pt-br\/wp-json\/wp\/v2\/users\/1"}],"replies":[{"embeddable":true,"href":"https:\/\/sygris.com\/pt-br\/wp-json\/wp\/v2\/comments?post=48233"}],"version-history":[{"count":3,"href":"https:\/\/sygris.com\/pt-br\/wp-json\/wp\/v2\/pages\/48233\/revisions"}],"predecessor-version":[{"id":53410,"href":"https:\/\/sygris.com\/pt-br\/wp-json\/wp\/v2\/pages\/48233\/revisions\/53410"}],"wp:attachment":[{"href":"https:\/\/sygris.com\/pt-br\/wp-json\/wp\/v2\/media?parent=48233"}],"curies":[{"name":"wp","href":"https:\/\/api.w.org\/{rel}","templated":true}]}}