{"id":48249,"date":"2024-08-23T09:45:27","date_gmt":"2024-08-23T08:45:27","guid":{"rendered":"https:\/\/sygris.com\/politica-de-seguranca\/"},"modified":"2025-08-12T07:53:32","modified_gmt":"2025-08-12T06:53:32","slug":"politica-de-seguranca","status":"publish","type":"page","link":"https:\/\/sygris.com\/pt-br\/legal\/politica-de-seguranca\/","title":{"rendered":"Pol\u00edtica de seguran\u00e7a"},"content":{"rendered":"\t\t<div data-elementor-type=\"wp-page\" data-elementor-id=\"48249\" class=\"elementor elementor-48249 elementor-38684\" data-elementor-post-type=\"page\">\n\t\t\t\t<div class=\"elementor-element elementor-element-696f006 e-con-full e-flex e-con e-parent\" data-id=\"696f006\" data-element_type=\"container\">\n\t\t<div class=\"elementor-element elementor-element-6d74318 e-flex e-con-boxed e-con e-child\" data-id=\"6d74318\" data-element_type=\"container\">\n\t\t\t\t\t<div class=\"e-con-inner\">\n\t\t<div class=\"elementor-element elementor-element-f19d93e e-con-full e-flex e-con e-child\" data-id=\"f19d93e\" data-element_type=\"container\">\n\t\t\t\t<div class=\"elementor-element elementor-element-2bb7496 elementor-widget elementor-widget-heading\" data-id=\"2bb7496\" data-element_type=\"widget\" data-widget_type=\"heading.default\">\n\t\t\t\t<div class=\"elementor-widget-container\">\n\t\t\t\t\t<h1 class=\"elementor-heading-title elementor-size-default\">Pol\u00edtica de seguran\u00e7a\n<\/h1>\t\t\t\t<\/div>\n\t\t\t\t<\/div>\n\t\t\t\t<div class=\"elementor-element elementor-element-6afb7d6 elementor-widget elementor-widget-text-editor\" data-id=\"6afb7d6\" data-element_type=\"widget\" data-widget_type=\"text-editor.default\">\n\t\t\t\t<div class=\"elementor-widget-container\">\n\t\t\t\t\t\t\t\t\t<div class=\"elementor-element elementor-element-4c7b5c5 elementor-widget elementor-widget-text-editor\" data-id=\"4c7b5c5\" data-element_type=\"widget\" data-widget_type=\"text-editor.default\"><div class=\"elementor-widget-container\"><div class=\"elementor-element elementor-element-7ded550 e-flex e-con-boxed e-con e-parent e-lazyloaded\" data-id=\"7ded550\" data-element_type=\"container\"><div class=\"e-con-inner\"><div class=\"elementor-element elementor-element-4c7b5c5 elementor-widget elementor-widget-text-editor\" data-id=\"4c7b5c5\" data-element_type=\"widget\" data-widget_type=\"text-editor.default\"><div class=\"elementor-widget-container\"><div class=\"elementor-element elementor-element-4c7b5c5 elementor-widget elementor-widget-text-editor\" data-id=\"4c7b5c5\" data-element_type=\"widget\" data-widget_type=\"text-editor.default\"><div class=\"elementor-widget-container\"><p data-renderer-start-pos=\"466\"><strong data-renderer-mark=\"true\">Cambridge Business Initiatives S.L<\/strong>. (doravante, <strong data-renderer-mark=\"true\">SYGRIS<\/strong>) \u00e9 a criadora de uma plataforma que digitaliza a gest\u00e3o de dados e processos n\u00e3o financeiros, com foco em sustentabilidade e conformidade com normas ESG. Seus servi\u00e7os incluem o reporte de informa\u00e7\u00f5es n\u00e3o financeiras, a gest\u00e3o de planos de sustentabilidade, o c\u00e1lculo da pegada de carbono e a gest\u00e3o de res\u00edduos. Al\u00e9m disso, abrangem \u00e1reas sociais como a gest\u00e3o de voluntariado, recursos humanos e sa\u00fade e seguran\u00e7a. Em governan\u00e7a, a Sygris oferece ferramentas para a gest\u00e3o de riscos, auditorias e acredita\u00e7\u00e3o de fornecedores.<\/p><\/div><\/div><div class=\"elementor-element elementor-element-2674962 elementor-widget elementor-widget-text-editor\" data-id=\"2674962\" data-element_type=\"widget\" data-widget_type=\"text-editor.default\"><div class=\"elementor-widget-container\"><p data-renderer-start-pos=\"466\">A dire\u00e7\u00e3o<span data-renderer-mark=\"true\"> <strong>da SYGRIS<\/strong>,<\/span> consciente da import\u00e2ncia da ciberseguran\u00e7a, estabeleceu a organiza\u00e7\u00e3o, os processos, as ferramentas e os controles para garantir a confidencialidade, a integridade, a autenticidade e a rastreabilidade das informa\u00e7\u00f5es, bem como a disponibilidade dos servi\u00e7os prestados aos clientes, de acordo com as normas internacionais, com os seguintes <span data-renderer-mark=\"true\">objetivos:<\/span><\/p><\/div><\/div><div class=\"elementor-element elementor-element-4587a65 elementor-widget elementor-widget-text-editor\" data-id=\"4587a65\" data-element_type=\"widget\" data-widget_type=\"text-editor.default\"><div class=\"elementor-widget-container\"><ul class=\"ak-ul\" data-indent-level=\"1\"><li><p data-renderer-start-pos=\"1479\">Conscientizar e treinar a equipe sobre seguran\u00e7a e privacidade das informa\u00e7\u00f5es.<\/p><\/li><\/ul><ul class=\"ak-ul\" data-indent-level=\"1\"><li><p data-renderer-start-pos=\"1563\">Avaliar e tratar os riscos de seguran\u00e7a e privacidade das informa\u00e7\u00f5es.<\/p><\/li><\/ul><ul class=\"ak-ul\" data-indent-level=\"1\"><li><p data-renderer-start-pos=\"1646\">Prevenir e responder com efic\u00e1cia a eventos ou incidentes de seguran\u00e7a da informa\u00e7\u00e3o.<\/p><\/li><\/ul><ul class=\"ak-ul\" data-indent-level=\"1\"><li><p data-renderer-start-pos=\"1743\">Garantir a continuidade das opera\u00e7\u00f5es comerciais.<\/p><\/li><\/ul><ul class=\"ak-ul\" data-indent-level=\"1\"><li><p data-renderer-start-pos=\"1806\">Cumprir proativamente a prote\u00e7\u00e3o de dados pessoais, a propriedade intelectual e industrial e qualquer outra legisla\u00e7\u00e3o aplic\u00e1vel.<\/p><\/li><\/ul><ul class=\"ak-ul\" data-indent-level=\"1\"><li><p data-renderer-start-pos=\"1951\">Avalie a efic\u00e1cia e a efici\u00eancia dos processos e controles de seguran\u00e7a da informa\u00e7\u00e3o.<\/p><\/li><\/ul><ul class=\"ak-ul\" data-indent-level=\"1\"><li><p data-renderer-start-pos=\"2054\">Melhorar continuamente o gerenciamento da seguran\u00e7a das informa\u00e7\u00f5es.<\/p><\/li><\/ul><\/div><\/div><div class=\"elementor-element elementor-element-8ee40dd elementor-widget elementor-widget-text-editor\" data-id=\"8ee40dd\" data-element_type=\"widget\" data-widget_type=\"text-editor.default\"><div class=\"elementor-widget-container\"><p>A ger\u00eancia da <span data-renderer-mark=\"true\"><b>SYGRIS<\/b><\/span>, de acordo com o exposto acima, est\u00e1 comprometida com a aloca\u00e7\u00e3o de recursos humanos e materiais necess\u00e1rios e proporcionais para alcan\u00e7ar os objetivos descritos.<\/p><p data-renderer-start-pos=\"2339\">A supervis\u00e3o da seguran\u00e7a das informa\u00e7\u00f5es \u00e9 realizada pela ger\u00eancia da <span data-renderer-mark=\"true\"><b>SYGRIS <\/b><\/span>delegando-a ao <span data-renderer-mark=\"true\"><b>Gerente de Seguran\u00e7a da Informa\u00e7\u00e3o<\/b><\/span> as compet\u00eancias para a implanta\u00e7\u00e3o e certifica\u00e7\u00e3o de um Sistema de Gest\u00e3o de Seguran\u00e7a e Informa\u00e7\u00e3o (SGSI), contando com o apoio de toda a sua equipe humana e colaboradores.<\/p><\/div><\/div><\/div><\/div><\/div><\/div><\/div><\/div>\t\t\t\t\t\t\t\t<\/div>\n\t\t\t\t<\/div>\n\t\t<div class=\"elementor-element elementor-element-6094384 e-con-full e-flex e-con e-child\" data-id=\"6094384\" data-element_type=\"container\">\n\t\t\t\t<div class=\"elementor-element elementor-element-3f98626 elementor-widget elementor-widget-text-editor\" data-id=\"3f98626\" data-element_type=\"widget\" data-widget_type=\"text-editor.default\">\n\t\t\t\t<div class=\"elementor-widget-container\">\n\t\t\t\t\t\t\t\t\t<p>Nossa organiza\u00e7\u00e3o possui as certifica\u00e7\u00f5es <b>ISO 27001:2022<\/b> e <b>Esquema Nacional de Seguridad Categor\u00eda MEDIA<\/b>, concedidas pela <b>AENOR<\/b>, que garantem o gerenciamento seguro das informa\u00e7\u00f5es e a conformidade com os padr\u00f5es nacionais e internacionais.<\/p>\t\t\t\t\t\t\t\t<\/div>\n\t\t\t\t<\/div>\n\t\t<div class=\"elementor-element elementor-element-d2181f1 e-con-full e-flex e-con e-child\" data-id=\"d2181f1\" data-element_type=\"container\">\n\t\t\t\t<div class=\"elementor-element elementor-element-18c3e1e elementor-widget elementor-widget-image\" data-id=\"18c3e1e\" data-element_type=\"widget\" data-widget_type=\"image.default\">\n\t\t\t\t<div class=\"elementor-widget-container\">\n\t\t\t\t\t\t\t\t\t\t\t\t\t\t\t<img decoding=\"async\" width=\"246\" height=\"185\" src=\"https:\/\/sygris.com\/wp-content\/uploads\/2024\/12\/logo-iqnet.png\" class=\"attachment-large size-large wp-image-40947\" alt=\"\" \/>\t\t\t\t\t\t\t\t\t\t\t\t\t\t\t<\/div>\n\t\t\t\t<\/div>\n\t\t\t\t<div class=\"elementor-element elementor-element-19a801a elementor-widget elementor-widget-image\" data-id=\"19a801a\" data-element_type=\"widget\" data-widget_type=\"image.default\">\n\t\t\t\t<div class=\"elementor-widget-container\">\n\t\t\t\t\t\t\t\t\t\t\t\t\t\t\t<img fetchpriority=\"high\" decoding=\"async\" width=\"298\" height=\"182\" src=\"https:\/\/sygris.com\/wp-content\/uploads\/2024\/12\/logo-aenor.png\" class=\"attachment-large size-large wp-image-40948\" alt=\"\" \/>\t\t\t\t\t\t\t\t\t\t\t\t\t\t\t<\/div>\n\t\t\t\t<\/div>\n\t\t\t\t<\/div>\n\t\t\t\t<\/div>\n\t\t<div class=\"elementor-element elementor-element-b290ef6 e-con-full e-flex e-con e-child\" data-id=\"b290ef6\" data-element_type=\"container\">\n\t\t\t\t<div class=\"elementor-element elementor-element-0a7a6f4 elementor-widget elementor-widget-text-editor\" data-id=\"0a7a6f4\" data-element_type=\"widget\" data-widget_type=\"text-editor.default\">\n\t\t\t\t<div class=\"elementor-widget-container\">\n\t\t\t\t\t\t\t\t\t<p>A Sygris tamb\u00e9m \u00e9 certificada pelo <strong>Esquema de Seguran\u00e7a Nacional (ENS)<\/strong> da <strong>Espanha<\/strong>, o que lhe permite prestar servi\u00e7os \u00e0 Administra\u00e7\u00e3o P\u00fablica.<\/p>\t\t\t\t\t\t\t\t<\/div>\n\t\t\t\t<\/div>\n\t\t<div class=\"elementor-element elementor-element-e0535eb e-con-full e-flex e-con e-child\" data-id=\"e0535eb\" data-element_type=\"container\">\n\t\t\t\t<div class=\"elementor-element elementor-element-eed24e0 elementor-widget elementor-widget-image\" data-id=\"eed24e0\" data-element_type=\"widget\" data-widget_type=\"image.default\">\n\t\t\t\t<div class=\"elementor-widget-container\">\n\t\t\t\t\t\t\t\t\t\t\t\t\t\t\t<img decoding=\"async\" width=\"800\" height=\"973\" src=\"https:\/\/sygris.com\/wp-content\/uploads\/2024\/12\/distintivo_ens_certificacion_MEDIA_RD311-2022-842x1024.png\" class=\"attachment-large size-large wp-image-40949\" alt=\"\" srcset=\"https:\/\/sygris.com\/wp-content\/uploads\/2024\/12\/distintivo_ens_certificacion_MEDIA_RD311-2022-842x1024.png 842w, https:\/\/sygris.com\/wp-content\/uploads\/2024\/12\/distintivo_ens_certificacion_MEDIA_RD311-2022-247x300.png 247w, https:\/\/sygris.com\/wp-content\/uploads\/2024\/12\/distintivo_ens_certificacion_MEDIA_RD311-2022-768x934.png 768w, https:\/\/sygris.com\/wp-content\/uploads\/2024\/12\/distintivo_ens_certificacion_MEDIA_RD311-2022.png 925w\" sizes=\"(max-width: 800px) 100vw, 800px\" \/>\t\t\t\t\t\t\t\t\t\t\t\t\t\t\t<\/div>\n\t\t\t\t<\/div>\n\t\t\t\t<\/div>\n\t\t\t\t<\/div>\n\t\t\t\t<\/div>\n\t\t\t\t\t<\/div>\n\t\t\t\t<\/div>\n\t\t\t\t<\/div>\n\t\t\t\t<\/div>\n\t\t","protected":false},"excerpt":{"rendered":"<p>Pol\u00edtica de seguran\u00e7a Cambridge Business Initiatives S.L. (doravante, SYGRIS) \u00e9 a criadora de uma plataforma que digitaliza a gest\u00e3o de dados e processos n\u00e3o financeiros, com foco em sustentabilidade e conformidade com normas ESG. Seus servi\u00e7os incluem o reporte de informa\u00e7\u00f5es n\u00e3o financeiras, a gest\u00e3o de planos de sustentabilidade, o c\u00e1lculo da pegada de carbono [&hellip;]<\/p>\n","protected":false},"author":13,"featured_media":0,"parent":51297,"menu_order":0,"comment_status":"closed","ping_status":"closed","template":"elementor_header_footer","meta":{"_acf_changed":false,"content-type":"","inline_featured_image":false,"footnotes":""},"class_list":["post-48249","page","type-page","status-publish","hentry"],"acf":[],"_links":{"self":[{"href":"https:\/\/sygris.com\/pt-br\/wp-json\/wp\/v2\/pages\/48249","targetHints":{"allow":["GET"]}}],"collection":[{"href":"https:\/\/sygris.com\/pt-br\/wp-json\/wp\/v2\/pages"}],"about":[{"href":"https:\/\/sygris.com\/pt-br\/wp-json\/wp\/v2\/types\/page"}],"author":[{"embeddable":true,"href":"https:\/\/sygris.com\/pt-br\/wp-json\/wp\/v2\/users\/13"}],"replies":[{"embeddable":true,"href":"https:\/\/sygris.com\/pt-br\/wp-json\/wp\/v2\/comments?post=48249"}],"version-history":[{"count":9,"href":"https:\/\/sygris.com\/pt-br\/wp-json\/wp\/v2\/pages\/48249\/revisions"}],"predecessor-version":[{"id":52541,"href":"https:\/\/sygris.com\/pt-br\/wp-json\/wp\/v2\/pages\/48249\/revisions\/52541"}],"up":[{"embeddable":true,"href":"https:\/\/sygris.com\/pt-br\/wp-json\/wp\/v2\/pages\/51297"}],"wp:attachment":[{"href":"https:\/\/sygris.com\/pt-br\/wp-json\/wp\/v2\/media?parent=48249"}],"curies":[{"name":"wp","href":"https:\/\/api.w.org\/{rel}","templated":true}]}}