{"id":48285,"date":"2021-03-30T13:39:29","date_gmt":"2021-03-30T12:39:29","guid":{"rendered":"https:\/\/sygris.com\/politica-de-privacidade\/"},"modified":"2025-08-11T12:41:35","modified_gmt":"2025-08-11T11:41:35","slug":"politica-de-privacidade","status":"publish","type":"page","link":"https:\/\/sygris.com\/pt-br\/legal\/politica-de-privacidade\/","title":{"rendered":"Pol\u00edtica de privacidade"},"content":{"rendered":"\t\t<div data-elementor-type=\"wp-page\" data-elementor-id=\"48285\" class=\"elementor elementor-48285 elementor-3\" data-elementor-post-type=\"page\">\n\t\t\t\t<div class=\"elementor-element elementor-element-284f849 e-con-full e-flex e-con e-parent\" data-id=\"284f849\" data-element_type=\"container\">\n\t\t<div class=\"elementor-element elementor-element-c392458 e-flex e-con-boxed e-con e-child\" data-id=\"c392458\" data-element_type=\"container\">\n\t\t\t\t\t<div class=\"e-con-inner\">\n\t\t<div class=\"elementor-element elementor-element-1fd521e e-con-full e-flex e-con e-child\" data-id=\"1fd521e\" data-element_type=\"container\">\n\t\t\t\t<div class=\"elementor-element elementor-element-7c61714 elementor-widget elementor-widget-heading\" data-id=\"7c61714\" data-element_type=\"widget\" data-widget_type=\"heading.default\">\n\t\t\t\t<div class=\"elementor-widget-container\">\n\t\t\t\t\t<h1 class=\"elementor-heading-title elementor-size-default\">Pol\u00edtica de privacidade<\/h1>\t\t\t\t<\/div>\n\t\t\t\t<\/div>\n\t\t\t\t<div class=\"elementor-element elementor-element-7c7dfa3 elementor-widget elementor-widget-text-editor\" data-id=\"7c7dfa3\" data-element_type=\"widget\" data-widget_type=\"text-editor.default\">\n\t\t\t\t<div class=\"elementor-widget-container\">\n\t\t\t\t\t\t\t\t\tDe acordo com a Lei Org\u00e2nica 3\/2018, de 5 de dezembro, sobre a Prote\u00e7\u00e3o de Dados Pessoais e garantia dos direitos digitais e o Regulamento (UE) 2016\/679 do Parlamento Europeu e do Conselho, de 27 de abril de 2016, informamos os usu\u00e1rios do site sobre o processamento de dados e a pol\u00edtica de privacidade.\t\t\t\t\t\t\t\t<\/div>\n\t\t\t\t<\/div>\n\t\t\t\t<\/div>\n\t\t<div class=\"elementor-element elementor-element-eb1dcfd e-con-full e-flex e-con e-child\" data-id=\"eb1dcfd\" data-element_type=\"container\">\n\t\t<div class=\"elementor-element elementor-element-c3bbc0a e-con-full e-flex e-con e-child\" data-id=\"c3bbc0a\" data-element_type=\"container\">\n\t\t\t\t<div class=\"elementor-element elementor-element-1febde6 elementor-widget elementor-widget-heading\" data-id=\"1febde6\" data-element_type=\"widget\" data-widget_type=\"heading.default\">\n\t\t\t\t<div class=\"elementor-widget-container\">\n\t\t\t\t\t<h2 class=\"elementor-heading-title elementor-size-default\">Identifica\u00e7\u00e3o e detalhes de contato da pessoa respons\u00e1vel<\/h2>\t\t\t\t<\/div>\n\t\t\t\t<\/div>\n\t\t\t\t<div class=\"elementor-element elementor-element-8f098aa elementor-widget elementor-widget-text-editor\" data-id=\"8f098aa\" data-element_type=\"widget\" data-widget_type=\"text-editor.default\">\n\t\t\t\t<div class=\"elementor-widget-container\">\n\t\t\t\t\t\t\t\t\t<p>Cambrigde Business Initiatives S.L., com endere\u00e7o em C\/Teide 4, San Sebasti\u00e1n de los Reyes, Madri, NIF B85512895<\/p>\t\t\t\t\t\t\t\t<\/div>\n\t\t\t\t<\/div>\n\t\t\t\t<\/div>\n\t\t<div class=\"elementor-element elementor-element-b539744 e-con-full e-flex e-con e-child\" data-id=\"b539744\" data-element_type=\"container\">\n\t\t\t\t<div class=\"elementor-element elementor-element-da43e9c elementor-widget elementor-widget-heading\" data-id=\"da43e9c\" data-element_type=\"widget\" data-widget_type=\"heading.default\">\n\t\t\t\t<div class=\"elementor-widget-container\">\n\t\t\t\t\t<h2 class=\"elementor-heading-title elementor-size-default\">Objetivos do processamento de seus dados pessoais\n<\/h2>\t\t\t\t<\/div>\n\t\t\t\t<\/div>\n\t\t<div class=\"elementor-element elementor-element-855eb5d e-con-full e-flex e-con e-child\" data-id=\"855eb5d\" data-element_type=\"container\">\n\t\t<div class=\"elementor-element elementor-element-51f25e1 e-con-full e-flex e-con e-child\" data-id=\"51f25e1\" data-element_type=\"container\">\n\t\t\t\t<div class=\"elementor-element elementor-element-bcc31ad elementor-widget elementor-widget-heading\" data-id=\"bcc31ad\" data-element_type=\"widget\" data-widget_type=\"heading.default\">\n\t\t\t\t<div class=\"elementor-widget-container\">\n\t\t\t\t\t<h3 class=\"elementor-heading-title elementor-size-default\">Usu\u00e1rios \/ surfistas\n<\/h3>\t\t\t\t<\/div>\n\t\t\t\t<\/div>\n\t\t\t\t<div class=\"elementor-element elementor-element-568ff97 elementor-widget elementor-widget-text-editor\" data-id=\"568ff97\" data-element_type=\"widget\" data-widget_type=\"text-editor.default\">\n\t\t\t\t<div class=\"elementor-widget-container\">\n\t\t\t\t\t\t\t\t\t<p>Se voc\u00ea preencher um formul\u00e1rio da Web ou conversar conosco, processaremos seus dados para:<\/p><ul><li>Para lidar com solicita\u00e7\u00f5es, reclama\u00e7\u00f5es e incidentes.<\/li><li>Cumprir as obriga\u00e7\u00f5es legais aplic\u00e1veis.<\/li><li>Para proteger e exercer nossos direitos ou responder a reclama\u00e7\u00f5es.<\/li><\/ul>\t\t\t\t\t\t\t\t<\/div>\n\t\t\t\t<\/div>\n\t\t\t\t<\/div>\n\t\t<div class=\"elementor-element elementor-element-950cdcf e-con-full e-flex e-con e-child\" data-id=\"950cdcf\" data-element_type=\"container\">\n\t\t\t\t<div class=\"elementor-element elementor-element-2aeac5d elementor-widget elementor-widget-heading\" data-id=\"2aeac5d\" data-element_type=\"widget\" data-widget_type=\"heading.default\">\n\t\t\t\t<div class=\"elementor-widget-container\">\n\t\t\t\t\t<h3 class=\"elementor-heading-title elementor-size-default\">Candidatos a ofertas de emprego ou candidatos a emprego<\/h3>\t\t\t\t<\/div>\n\t\t\t\t<\/div>\n\t\t\t\t<div class=\"elementor-element elementor-element-dbe520c elementor-widget elementor-widget-text-editor\" data-id=\"dbe520c\" data-element_type=\"widget\" data-widget_type=\"text-editor.default\">\n\t\t\t\t<div class=\"elementor-widget-container\">\n\t\t\t\t\t\t\t\t\t<p>Se voc\u00ea nos enviar informa\u00e7\u00f5es para se candidatar a uma oferta de emprego, processaremos seus dados para:<\/p><ul><li>Gerencie seu aplicativo.<\/li><li>Informar voc\u00ea sobre o status do processo de sele\u00e7\u00e3o.<\/li><li>Para proteger e exercer nossos direitos ou responder a reclama\u00e7\u00f5es de qualquer tipo.<\/li><\/ul>\t\t\t\t\t\t\t\t<\/div>\n\t\t\t\t<\/div>\n\t\t\t\t<\/div>\n\t\t\t\t<\/div>\n\t\t\t\t<\/div>\n\t\t<div class=\"elementor-element elementor-element-853574e e-con-full e-flex e-con e-child\" data-id=\"853574e\" data-element_type=\"container\">\n\t\t\t\t<div class=\"elementor-element elementor-element-2b8580e elementor-widget elementor-widget-heading\" data-id=\"2b8580e\" data-element_type=\"widget\" data-widget_type=\"heading.default\">\n\t\t\t\t<div class=\"elementor-widget-container\">\n\t\t\t\t\t<h2 class=\"elementor-heading-title elementor-size-default\">Per\u00edodos ou crit\u00e9rios de reten\u00e7\u00e3o de dados<\/h2>\t\t\t\t<\/div>\n\t\t\t\t<\/div>\n\t\t\t\t<div class=\"elementor-element elementor-element-65ef159 elementor-widget elementor-widget-text-editor\" data-id=\"65ef159\" data-element_type=\"widget\" data-widget_type=\"text-editor.default\">\n\t\t\t\t<div class=\"elementor-widget-container\">\n\t\t\t\t\t\t\t\t\t<p>Os dados pessoais fornecidos por formul\u00e1rio da Web ser\u00e3o retidos pelo tempo necess\u00e1rio para a finalidade pretendida.<\/p><p>Os curr\u00edculos fornecidos ser\u00e3o mantidos por um per\u00edodo m\u00e1ximo de um ano.<\/p>\t\t\t\t\t\t\t\t<\/div>\n\t\t\t\t<\/div>\n\t\t\t\t<\/div>\n\t\t<div class=\"elementor-element elementor-element-9b6849a e-con-full e-flex e-con e-child\" data-id=\"9b6849a\" data-element_type=\"container\">\n\t\t\t\t<div class=\"elementor-element elementor-element-688a712 elementor-widget elementor-widget-heading\" data-id=\"688a712\" data-element_type=\"widget\" data-widget_type=\"heading.default\">\n\t\t\t\t<div class=\"elementor-widget-container\">\n\t\t\t\t\t<h2 class=\"elementor-heading-title elementor-size-default\">Destinat\u00e1rios<\/h2>\t\t\t\t<\/div>\n\t\t\t\t<\/div>\n\t\t\t\t<div class=\"elementor-element elementor-element-33ee7d8 elementor-widget elementor-widget-text-editor\" data-id=\"33ee7d8\" data-element_type=\"widget\" data-widget_type=\"text-editor.default\">\n\t\t\t\t<div class=\"elementor-widget-container\">\n\t\t\t\t\t\t\t\t\t<p>Enquanto durar o processamento de seus dados pessoais, a organiza\u00e7\u00e3o poder\u00e1 transferir seus dados para os seguintes destinat\u00e1rios:<\/p><p>Ju\u00edzes e Tribunais, For\u00e7as e Corpos de Seguran\u00e7a do Estado, autoridades ou \u00f3rg\u00e3os p\u00fablicos competentes, quando houver obriga\u00e7\u00e3o legal de fornec\u00ea-los.<\/p>\t\t\t\t\t\t\t\t<\/div>\n\t\t\t\t<\/div>\n\t\t\t\t<\/div>\n\t\t<div class=\"elementor-element elementor-element-1b5f448 e-con-full e-flex e-con e-child\" data-id=\"1b5f448\" data-element_type=\"container\">\n\t\t\t\t<div class=\"elementor-element elementor-element-b5950b3 elementor-widget elementor-widget-heading\" data-id=\"b5950b3\" data-element_type=\"widget\" data-widget_type=\"heading.default\">\n\t\t\t\t<div class=\"elementor-widget-container\">\n\t\t\t\t\t<h2 class=\"elementor-heading-title elementor-size-default\">Direitos<\/h2>\t\t\t\t<\/div>\n\t\t\t\t<\/div>\n\t\t\t\t<div class=\"elementor-element elementor-element-d5ce86f elementor-widget elementor-widget-text-editor\" data-id=\"d5ce86f\" data-element_type=\"widget\" data-widget_type=\"text-editor.default\">\n\t\t\t\t<div class=\"elementor-widget-container\">\n\t\t\t\t\t\t\t\t\t<p>Os titulares dos dados podem, a qualquer momento, exercer gratuitamente seus direitos de acesso, retifica\u00e7\u00e3o e exclus\u00e3o, limita\u00e7\u00e3o e obje\u00e7\u00e3o ao uso de seus dados.<\/p><p>Para isso, envie um e-mail para dpo@cbiconsulting.es com uma fotoc\u00f3pia de sua carteira de identidade ou documento equivalente, para comprovar sua identidade.<\/p><p>Al\u00e9m disso, se voc\u00ea achar que os dados foram usados indevidamente, poder\u00e1 registrar uma reclama\u00e7\u00e3o junto \u00e0 Autoridade de Controle de Prote\u00e7\u00e3o de Dados competente (Ag\u00eancia Espanhola de Prote\u00e7\u00e3o de Dados), por meio de seu site: agpd.es<\/p><p>Al\u00e9m disso, se n\u00e3o quiser receber mais informa\u00e7\u00f5es, voc\u00ea pode cancelar a assinatura enviando um e-mail para dpo@cbiconsulting.es, com o assunto &#8220;UNSUBSCRIBE&#8221;.<\/p>\t\t\t\t\t\t\t\t<\/div>\n\t\t\t\t<\/div>\n\t\t\t\t<\/div>\n\t\t<div class=\"elementor-element elementor-element-48d6e05 e-con-full e-flex e-con e-child\" data-id=\"48d6e05\" data-element_type=\"container\">\n\t\t\t\t<div class=\"elementor-element elementor-element-6200f9f elementor-widget elementor-widget-heading\" data-id=\"6200f9f\" data-element_type=\"widget\" data-widget_type=\"heading.default\">\n\t\t\t\t<div class=\"elementor-widget-container\">\n\t\t\t\t\t<h2 class=\"elementor-heading-title elementor-size-default\">Veracidade dos dados<\/h2>\t\t\t\t<\/div>\n\t\t\t\t<\/div>\n\t\t\t\t<div class=\"elementor-element elementor-element-6fb0288 elementor-widget elementor-widget-text-editor\" data-id=\"6fb0288\" data-element_type=\"widget\" data-widget_type=\"text-editor.default\">\n\t\t\t\t<div class=\"elementor-widget-container\">\n\t\t\t\t\t\t\t\t\t<p>A parte interessada garante que os dados fornecidos s\u00e3o verdadeiros, exatos, completos e atualizados, comprometendo-se a informar qualquer mudan\u00e7a com rela\u00e7\u00e3o aos dados fornecidos, por meio dos canais fornecidos para esse fim. O usu\u00e1rio ser\u00e1 respons\u00e1vel por qualquer dano ou preju\u00edzo, tanto direto quanto indireto, que possa ser causado como resultado do n\u00e3o cumprimento desta obriga\u00e7\u00e3o. Caso o usu\u00e1rio forne\u00e7a dados de terceiros, declara que tem o consentimento dos interessados e se compromete a fornecer-lhes as informa\u00e7\u00f5es contidas nesta cl\u00e1usula, isentando a organiza\u00e7\u00e3o de qualquer responsabilidade decorrente do descumprimento desta obriga\u00e7\u00e3o.  <\/p>\t\t\t\t\t\t\t\t<\/div>\n\t\t\t\t<\/div>\n\t\t\t\t<\/div>\n\t\t<div class=\"elementor-element elementor-element-79570ae e-con-full e-flex e-con e-child\" data-id=\"79570ae\" data-element_type=\"container\">\n\t\t\t\t<div class=\"elementor-element elementor-element-632632e elementor-widget elementor-widget-heading\" data-id=\"632632e\" data-element_type=\"widget\" data-widget_type=\"heading.default\">\n\t\t\t\t<div class=\"elementor-widget-container\">\n\t\t\t\t\t<h2 class=\"elementor-heading-title elementor-size-default\">Servi\u00e7o Google reCAPTCHA\n<\/h2>\t\t\t\t<\/div>\n\t\t\t\t<\/div>\n\t\t\t\t<div class=\"elementor-element elementor-element-bbeefd4 elementor-widget elementor-widget-text-editor\" data-id=\"bbeefd4\" data-element_type=\"widget\" data-widget_type=\"text-editor.default\">\n\t\t\t\t<div class=\"elementor-widget-container\">\n\t\t\t\t\t\t\t\t\t<p>Usamos o servi\u00e7o Google reCAPTCHA no formul\u00e1rio da Web com a finalidade de detectar se o site est\u00e1 sendo usado por humanos ou bots para a preven\u00e7\u00e3o de pr\u00e1ticas abusivas e fraudulentas. O provedor \u00e9 a Google Ireland Ltd, Gordon House, Barrow Street, Dublin 4, Irlanda. <\/p><p>O Google reCAPTCHA analisa o comportamento do usu\u00e1rio e o uso do site. Essa an\u00e1lise come\u00e7a automaticamente assim que o visitante entra no site, avaliando determinadas informa\u00e7\u00f5es, como o endere\u00e7o IP ou os cookies ativos no navegador. Para isso, ele usa JavaScript, um c\u00f3digo incorporado a este site.  <\/p><p>Voc\u00ea pode recusar a coleta de dados ou cookies selecionando as prefer\u00eancias de configura\u00e7\u00e3o no seu navegador. Observe que isso pode afetar a funcionalidade e a navega\u00e7\u00e3o neste site. Recomendamos que voc\u00ea consulte nossa <a href=\"https:\/\/sygris.com\/pt-br\/legal\/politica-de-cookies\/\" target=\"_blank\" rel=\"noopener\">Pol\u00edtica de Cookies.<\/a>  <\/p><p>Os dados coletados s\u00e3o transferidos para o Google com a finalidade da avalia\u00e7\u00e3o descrita, encurtando seu endere\u00e7o IP dentro dos estados membros da Uni\u00e3o Europeia ou da \u00c1rea Econ\u00f4mica Europeia. Em casos excepcionais e necess\u00e1rios, as informa\u00e7\u00f5es tamb\u00e9m ser\u00e3o transmitidas a um servidor do Google nos EUA. <\/p><p>Voc\u00ea pode encontrar mais informa\u00e7\u00f5es sobre o servi\u00e7o reCAPTCHA do Google e a Declara\u00e7\u00e3o de Privacidade do Google sobre prote\u00e7\u00f5es de privacidade, prote\u00e7\u00e3o de dados pessoais e estruturas para transfer\u00eancias de dados nos links a seguir:<\/p><p><a style=\"word-break: break-all;\" href=\"https:\/\/policies.google.com\/privacy?hl=en\" target=\"_blank\" rel=\"noopener\">https:\/\/policies.google.com\/privacy?hl=en<\/a><br><a style=\"word-break: break-all;\" href=\"https:\/\/cloud.google.com\/security\/products\/recaptcha?hl=en\" target=\"_blank\" rel=\"noopener\">https:\/\/cloud.google.com\/security\/products\/recaptcha?hl=en<\/a><\/p>\t\t\t\t\t\t\t\t<\/div>\n\t\t\t\t<\/div>\n\t\t\t\t<\/div>\n\t\t\t\t<\/div>\n\t\t\t\t\t<\/div>\n\t\t\t\t<\/div>\n\t\t\t\t<\/div>\n\t\t\t\t<\/div>\n\t\t","protected":false},"excerpt":{"rendered":"<p>Pol\u00edtica de privacidade De acordo com a Lei Org\u00e2nica 3\/2018, de 5 de dezembro, sobre a Prote\u00e7\u00e3o de Dados Pessoais e garantia dos direitos digitais e o Regulamento (UE) 2016\/679 do Parlamento Europeu e do Conselho, de 27 de abril de 2016, informamos os usu\u00e1rios do site sobre o processamento de dados e a pol\u00edtica [&hellip;]<\/p>\n","protected":false},"author":1,"featured_media":0,"parent":51297,"menu_order":0,"comment_status":"closed","ping_status":"closed","template":"elementor_header_footer","meta":{"_acf_changed":false,"content-type":"","inline_featured_image":false,"footnotes":""},"class_list":["post-48285","page","type-page","status-publish","hentry"],"acf":[],"_links":{"self":[{"href":"https:\/\/sygris.com\/pt-br\/wp-json\/wp\/v2\/pages\/48285","targetHints":{"allow":["GET"]}}],"collection":[{"href":"https:\/\/sygris.com\/pt-br\/wp-json\/wp\/v2\/pages"}],"about":[{"href":"https:\/\/sygris.com\/pt-br\/wp-json\/wp\/v2\/types\/page"}],"author":[{"embeddable":true,"href":"https:\/\/sygris.com\/pt-br\/wp-json\/wp\/v2\/users\/1"}],"replies":[{"embeddable":true,"href":"https:\/\/sygris.com\/pt-br\/wp-json\/wp\/v2\/comments?post=48285"}],"version-history":[{"count":6,"href":"https:\/\/sygris.com\/pt-br\/wp-json\/wp\/v2\/pages\/48285\/revisions"}],"predecessor-version":[{"id":52521,"href":"https:\/\/sygris.com\/pt-br\/wp-json\/wp\/v2\/pages\/48285\/revisions\/52521"}],"up":[{"embeddable":true,"href":"https:\/\/sygris.com\/pt-br\/wp-json\/wp\/v2\/pages\/51297"}],"wp:attachment":[{"href":"https:\/\/sygris.com\/pt-br\/wp-json\/wp\/v2\/media?parent=48285"}],"curies":[{"name":"wp","href":"https:\/\/api.w.org\/{rel}","templated":true}]}}