{"id":48291,"date":"2021-05-11T07:18:53","date_gmt":"2021-05-11T06:18:53","guid":{"rendered":"https:\/\/sygris.com\/politica-de-cookies\/"},"modified":"2025-08-12T08:02:08","modified_gmt":"2025-08-12T07:02:08","slug":"politica-de-cookies","status":"publish","type":"page","link":"https:\/\/sygris.com\/pt-br\/legal\/politica-de-cookies\/","title":{"rendered":"Pol\u00edtica de cookies"},"content":{"rendered":"\t\t<div data-elementor-type=\"wp-page\" data-elementor-id=\"48291\" class=\"elementor elementor-48291 elementor-3169\" data-elementor-post-type=\"page\">\n\t\t\t\t<div class=\"elementor-element elementor-element-4c1222f e-con-full e-flex e-con e-parent\" data-id=\"4c1222f\" data-element_type=\"container\">\n\t\t<div class=\"elementor-element elementor-element-be999ad e-flex e-con-boxed e-con e-child\" data-id=\"be999ad\" data-element_type=\"container\">\n\t\t\t\t\t<div class=\"e-con-inner\">\n\t\t<div class=\"elementor-element elementor-element-3df46d9 e-con-full e-flex e-con e-child\" data-id=\"3df46d9\" data-element_type=\"container\">\n\t\t\t\t<div class=\"elementor-element elementor-element-2294bb4 elementor-widget elementor-widget-heading\" data-id=\"2294bb4\" data-element_type=\"widget\" data-widget_type=\"heading.default\">\n\t\t\t\t<div class=\"elementor-widget-container\">\n\t\t\t\t\t<h1 class=\"elementor-heading-title elementor-size-default\">Pol\u00edtica de cookies\n<\/h1>\t\t\t\t<\/div>\n\t\t\t\t<\/div>\n\t\t\t\t<div class=\"elementor-element elementor-element-108db61 elementor-widget elementor-widget-text-editor\" data-id=\"108db61\" data-element_type=\"widget\" data-widget_type=\"text-editor.default\">\n\t\t\t\t<div class=\"elementor-widget-container\">\n\t\t\t\t\t\t\t\t\tInformamos que este site instala cookies pr\u00f3prios e de terceiros para facilitar a sua navega\u00e7\u00e3o e obter dados estat\u00edsticos. Se voc\u00ea continuar a navegar no site, consideramos que voc\u00ea aceita o uso e a instala\u00e7\u00e3o desses cookies. \n\n\n\t\t\t\t\t\t\t\t<\/div>\n\t\t\t\t<\/div>\n\t\t\t\t<\/div>\n\t\t<div class=\"elementor-element elementor-element-8d0f957 e-con-full e-flex e-con e-child\" data-id=\"8d0f957\" data-element_type=\"container\">\n\t\t<div class=\"elementor-element elementor-element-53a7919 e-con-full e-flex e-con e-child\" data-id=\"53a7919\" data-element_type=\"container\">\n\t\t\t\t<div class=\"elementor-element elementor-element-dbda8c0 elementor-widget elementor-widget-heading\" data-id=\"dbda8c0\" data-element_type=\"widget\" data-widget_type=\"heading.default\">\n\t\t\t\t<div class=\"elementor-widget-container\">\n\t\t\t\t\t<h2 class=\"elementor-heading-title elementor-size-default\">O que s\u00e3o cookies?\n<\/h2>\t\t\t\t<\/div>\n\t\t\t\t<\/div>\n\t\t\t\t<div class=\"elementor-element elementor-element-82e9741 elementor-widget elementor-widget-text-editor\" data-id=\"82e9741\" data-element_type=\"widget\" data-widget_type=\"text-editor.default\">\n\t\t\t\t<div class=\"elementor-widget-container\">\n\t\t\t\t\t\t\t\t\tUm cookie \u00e9 um arquivo de texto n\u00e3o execut\u00e1vel que \u00e9 baixado no seu computador quando voc\u00ea acessa determinados sites. Os cookies permitem que um site, entre outras coisas, armazene e recupere informa\u00e7\u00f5es sobre os h\u00e1bitos de navega\u00e7\u00e3o de um usu\u00e1rio ou de seu computador e, dependendo das informa\u00e7\u00f5es que eles cont\u00eam e da maneira como voc\u00ea usa seu computador, eles podem ser usados para reconhecer o usu\u00e1rio. Eles tamb\u00e9m podem ser usados para registrar informa\u00e7\u00f5es an\u00f4nimas sobre como um visitante usa um site. Por exemplo, a partir de qual p\u00e1gina da Web voc\u00ea o acessou ou se usou um banner de an\u00fancio para chegar l\u00e1.   \n\n\t\t\t\t\t\t\t\t<\/div>\n\t\t\t\t<\/div>\n\t\t\t\t<\/div>\n\t\t<div class=\"elementor-element elementor-element-895d59a e-con-full e-flex e-con e-child\" data-id=\"895d59a\" data-element_type=\"container\">\n\t\t\t\t<div class=\"elementor-element elementor-element-476ab09 elementor-widget elementor-widget-heading\" data-id=\"476ab09\" data-element_type=\"widget\" data-widget_type=\"heading.default\">\n\t\t\t\t<div class=\"elementor-widget-container\">\n\t\t\t\t\t<h2 class=\"elementor-heading-title elementor-size-default\">Por que este site usa cookies?\n<\/h2>\t\t\t\t<\/div>\n\t\t\t\t<\/div>\n\t\t\t\t<div class=\"elementor-element elementor-element-5884812 elementor-widget elementor-widget-text-editor\" data-id=\"5884812\" data-element_type=\"widget\" data-widget_type=\"text-editor.default\">\n\t\t\t\t<div class=\"elementor-widget-container\">\n\t\t\t\t\t\t\t\t\tA \u00fanica finalidade dos cookies usados neste site \u00e9 tornar a navega\u00e7\u00e3o dos usu\u00e1rios mais eficiente. Ele tamb\u00e9m usa cookies que coletam dados relacionados \u00e0 an\u00e1lise do uso do site. Eles s\u00e3o usados para ajudar a melhorar o servi\u00e7o ao visitante, medindo o uso e o desempenho do site, a fim de otimiz\u00e1-lo e personaliz\u00e1-lo. Em nenhuma circunst\u00e2ncia esses cookies fornecem dados pessoais e n\u00e3o s\u00e3o usados para coletar tais dados.   \n\n\t\t\t\t\t\t\t\t<\/div>\n\t\t\t\t<\/div>\n\t\t\t\t<\/div>\n\t\t<div class=\"elementor-element elementor-element-7e662cc e-con-full e-flex e-con e-child\" data-id=\"7e662cc\" data-element_type=\"container\">\n\t\t\t\t<div class=\"elementor-element elementor-element-78e286b elementor-widget elementor-widget-heading\" data-id=\"78e286b\" data-element_type=\"widget\" data-widget_type=\"heading.default\">\n\t\t\t\t<div class=\"elementor-widget-container\">\n\t\t\t\t\t<h2 class=\"elementor-heading-title elementor-size-default\">Que tipo de cookies este site usa?<\/h2>\t\t\t\t<\/div>\n\t\t\t\t<\/div>\n\t\t\t\t<div class=\"elementor-element elementor-element-c654db8 elementor-widget elementor-widget-text-editor\" data-id=\"c654db8\" data-element_type=\"widget\" data-widget_type=\"text-editor.default\">\n\t\t\t\t<div class=\"elementor-widget-container\">\n\t\t\t\t\t\t\t\t\tDe acordo com sua finalidade:\n\nT\u00e9cnicos: s\u00e3o aqueles necess\u00e1rios para o correto funcionamento do site e para o uso das diferentes op\u00e7\u00f5es e servi\u00e7os que ele oferece.\nPersonaliza\u00e7\u00e3o: permitem que o usu\u00e1rio especifique ou personalize algumas caracter\u00edsticas das op\u00e7\u00f5es gerais do site.\nAn\u00e1lise (Google Analytics): s\u00e3o usados pelo site para criar perfis de navega\u00e7\u00e3o e descobrir as prefer\u00eancias dos usu\u00e1rios para melhorar o conte\u00fado que ele oferece.\n\nDependendo do per\u00edodo de tempo em que permanecem ativados:\n\nCookies de sess\u00e3o: duram o tempo em que o usu\u00e1rio est\u00e1 navegando no site e s\u00e3o exclu\u00eddos no final.\nCookies persistentes: s\u00e3o armazenados no computador do usu\u00e1rio por um per\u00edodo mais longo, facilitando o controle das prefer\u00eancias escolhidas sem a necessidade de repetir determinados par\u00e2metros cada vez que o site \u00e9 visitado.\t\t\t\t\t\t\t\t<\/div>\n\t\t\t\t<\/div>\n\t\t\t\t<\/div>\n\t\t<div class=\"elementor-element elementor-element-8491467 e-con-full e-flex e-con e-child\" data-id=\"8491467\" data-element_type=\"container\">\n\t\t\t\t<div class=\"elementor-element elementor-element-fcd4cf7 elementor-widget elementor-widget-heading\" data-id=\"fcd4cf7\" data-element_type=\"widget\" data-widget_type=\"heading.default\">\n\t\t\t\t<div class=\"elementor-widget-container\">\n\t\t\t\t\t<h2 class=\"elementor-heading-title elementor-size-default\">Aceita\u00e7\u00e3o de cookies\n<\/h2>\t\t\t\t<\/div>\n\t\t\t\t<\/div>\n\t\t\t\t<div class=\"elementor-element elementor-element-419ade7 elementor-widget elementor-widget-text-editor\" data-id=\"419ade7\" data-element_type=\"widget\" data-widget_type=\"text-editor.default\">\n\t\t\t\t<div class=\"elementor-widget-container\">\n\t\t\t\t\t\t\t\t\tQuando voc\u00ea acessa este site pela primeira vez, aparece um banner informando sobre o uso de cookies, e a partir do qual voc\u00ea pode aceit\u00e1-los para continuar a navega\u00e7\u00e3o. N\u00e3o \u00e9 necess\u00e1rio aceitar a instala\u00e7\u00e3o desses cookies; no entanto, voc\u00ea deve estar ciente de que, se n\u00e3o aceitar sua instala\u00e7\u00e3o ou bloquear determinados cookies, algumas funcionalidades ou conte\u00fados deste site poder\u00e3o ser afetados. \n\n\t\t\t\t\t\t\t\t<\/div>\n\t\t\t\t<\/div>\n\t\t\t\t<\/div>\n\t\t<div class=\"elementor-element elementor-element-cbb5a2e e-con-full e-flex e-con e-child\" data-id=\"cbb5a2e\" data-element_type=\"container\">\n\t\t\t\t<div class=\"elementor-element elementor-element-07f0e51 elementor-widget elementor-widget-heading\" data-id=\"07f0e51\" data-element_type=\"widget\" data-widget_type=\"heading.default\">\n\t\t\t\t<div class=\"elementor-widget-container\">\n\t\t\t\t\t<h2 class=\"elementor-heading-title elementor-size-default\">Revoga\u00e7\u00e3o e exclus\u00e3o de cookies\n<\/h2>\t\t\t\t<\/div>\n\t\t\t\t<\/div>\n\t\t\t\t<div class=\"elementor-element elementor-element-292c79c elementor-widget elementor-widget-text-editor\" data-id=\"292c79c\" data-element_type=\"widget\" data-widget_type=\"text-editor.default\">\n\t\t\t\t<div class=\"elementor-widget-container\">\n\t\t\t\t\t\t\t\t\t<p>Voc\u00ea pode permitir, bloquear ou excluir os cookies instalados em seu computador configurando as op\u00e7\u00f5es do navegador instalado em seu computador. Nos links a seguir, voc\u00ea encontrar\u00e1 informa\u00e7\u00f5es adicionais sobre as op\u00e7\u00f5es de configura\u00e7\u00e3o nos diferentes navegadores: <\/p><p>Para mais informa\u00e7\u00f5es sobre o navegador Chrome, clique <a href=\"https:\/\/support.google.com\/chrome\/answer\/95647?co=GENIE.Platform%3DDesktop&amp;hl=en&amp;sjid=7628657797721218025-EU\" target=\"_blank\" rel=\"noopener\">aqui<\/a>.<br>Para mais informa\u00e7\u00f5es sobre o navegador Firefox, clique <a href=\"https:\/\/support.mozilla.org\/en-US\/kb\/cookies-information-websites-store-on-your-computer\" target=\"_blank\" rel=\"noopener\">aqui<\/a>.<br>Para mais informa\u00e7\u00f5es sobre o navegador Microsoft Edge, clique <a href=\"https:\/\/support.microsoft.com\/en-us\/microsoft-edge\/microsoft-edge-browsing-data-and-privacy-bb8174ba-9d73-dcf2-9b4a-c582b4e640dd\" target=\"_blank\" rel=\"noopener\">aqui<\/a>.<br>Para mais informa\u00e7\u00f5es sobre o navegador Safari, clique <a href=\"https:\/\/support.apple.com\/en-lamr\/105082\" target=\"_blank\" rel=\"noopener\">aqui<\/a>.<\/p>\t\t\t\t\t\t\t\t<\/div>\n\t\t\t\t<\/div>\n\t\t\t\t<\/div>\n\t\t<div class=\"elementor-element elementor-element-9b016d6 e-con-full e-flex e-con e-child\" data-id=\"9b016d6\" data-element_type=\"container\">\n\t\t\t\t<div class=\"elementor-element elementor-element-ed7bfab elementor-widget elementor-widget-heading\" data-id=\"ed7bfab\" data-element_type=\"widget\" data-widget_type=\"heading.default\">\n\t\t\t\t<div class=\"elementor-widget-container\">\n\t\t\t\t\t<h2 class=\"elementor-heading-title elementor-size-default\">Contato\n<\/h2>\t\t\t\t<\/div>\n\t\t\t\t<\/div>\n\t\t\t\t<div class=\"elementor-element elementor-element-2f64b6b elementor-widget elementor-widget-text-editor\" data-id=\"2f64b6b\" data-element_type=\"widget\" data-widget_type=\"text-editor.default\">\n\t\t\t\t<div class=\"elementor-widget-container\">\n\t\t\t\t\t\t\t\t\t<p>Se desejar obter mais informa\u00e7\u00f5es sobre nossa Pol\u00edtica de Cookies, voc\u00ea pode enviar sua d\u00favida para hablamos@sygris.com. Para obter mais informa\u00e7\u00f5es sobre o processamento de dados pessoais, consulte nossa <a href=\"https:\/\/sygris.com\/pt-br\/legal\/politica-de-privacidade\/\" target=\"_blank\" rel=\"noopener\">Pol\u00edtica de Privacidade.<\/a> <\/p>\t\t\t\t\t\t\t\t<\/div>\n\t\t\t\t<\/div>\n\t\t\t\t<\/div>\n\t\t\t\t<\/div>\n\t\t\t\t\t<\/div>\n\t\t\t\t<\/div>\n\t\t\t\t<\/div>\n\t\t\t\t<\/div>\n\t\t","protected":false},"excerpt":{"rendered":"<p>Pol\u00edtica de cookies Informamos que este site instala cookies pr\u00f3prios e de terceiros para facilitar a sua navega\u00e7\u00e3o e obter dados estat\u00edsticos. Se voc\u00ea continuar a navegar no site, consideramos que voc\u00ea aceita o uso e a instala\u00e7\u00e3o desses cookies. O que s\u00e3o cookies? Um cookie \u00e9 um arquivo de texto n\u00e3o execut\u00e1vel que \u00e9 [&hellip;]<\/p>\n","protected":false},"author":1,"featured_media":0,"parent":51297,"menu_order":0,"comment_status":"closed","ping_status":"closed","template":"elementor_header_footer","meta":{"_acf_changed":false,"content-type":"","inline_featured_image":false,"footnotes":""},"class_list":["post-48291","page","type-page","status-publish","hentry"],"acf":[],"_links":{"self":[{"href":"https:\/\/sygris.com\/pt-br\/wp-json\/wp\/v2\/pages\/48291","targetHints":{"allow":["GET"]}}],"collection":[{"href":"https:\/\/sygris.com\/pt-br\/wp-json\/wp\/v2\/pages"}],"about":[{"href":"https:\/\/sygris.com\/pt-br\/wp-json\/wp\/v2\/types\/page"}],"author":[{"embeddable":true,"href":"https:\/\/sygris.com\/pt-br\/wp-json\/wp\/v2\/users\/1"}],"replies":[{"embeddable":true,"href":"https:\/\/sygris.com\/pt-br\/wp-json\/wp\/v2\/comments?post=48291"}],"version-history":[{"count":5,"href":"https:\/\/sygris.com\/pt-br\/wp-json\/wp\/v2\/pages\/48291\/revisions"}],"predecessor-version":[{"id":52548,"href":"https:\/\/sygris.com\/pt-br\/wp-json\/wp\/v2\/pages\/48291\/revisions\/52548"}],"up":[{"embeddable":true,"href":"https:\/\/sygris.com\/pt-br\/wp-json\/wp\/v2\/pages\/51297"}],"wp:attachment":[{"href":"https:\/\/sygris.com\/pt-br\/wp-json\/wp\/v2\/media?parent=48291"}],"curies":[{"name":"wp","href":"https:\/\/api.w.org\/{rel}","templated":true}]}}