{"id":48315,"date":"2021-10-26T23:41:05","date_gmt":"2021-10-26T22:41:05","guid":{"rendered":"https:\/\/sygris.com\/aviso-legal\/"},"modified":"2025-04-15T19:23:54","modified_gmt":"2025-04-15T18:23:54","slug":"aviso-legal","status":"publish","type":"page","link":"https:\/\/sygris.com\/pt-br\/legal\/aviso-legal\/","title":{"rendered":"Aviso legal"},"content":{"rendered":"\t\t<div data-elementor-type=\"wp-page\" data-elementor-id=\"48315\" class=\"elementor elementor-48315 elementor-13679\" data-elementor-post-type=\"page\">\n\t\t\t\t<div class=\"elementor-element elementor-element-2e278ea e-con-full e-flex e-con e-parent\" data-id=\"2e278ea\" data-element_type=\"container\">\n\t\t<div class=\"elementor-element elementor-element-546c8bb e-flex e-con-boxed e-con e-child\" data-id=\"546c8bb\" data-element_type=\"container\">\n\t\t\t\t\t<div class=\"e-con-inner\">\n\t\t<div class=\"elementor-element elementor-element-2b5a5ea e-con-full e-flex e-con e-child\" data-id=\"2b5a5ea\" data-element_type=\"container\">\n\t\t\t\t<div class=\"elementor-element elementor-element-8bed47e elementor-widget elementor-widget-heading\" data-id=\"8bed47e\" data-element_type=\"widget\" data-widget_type=\"heading.default\">\n\t\t\t\t<div class=\"elementor-widget-container\">\n\t\t\t\t\t<h1 class=\"elementor-heading-title elementor-size-default\">Aviso legal\n<\/h1>\t\t\t\t<\/div>\n\t\t\t\t<\/div>\n\t\t\t\t<\/div>\n\t\t<div class=\"elementor-element elementor-element-eff4e69 e-con-full e-flex e-con e-child\" data-id=\"eff4e69\" data-element_type=\"container\">\n\t\t<div class=\"elementor-element elementor-element-cfc69d5 e-con-full e-flex e-con e-child\" data-id=\"cfc69d5\" data-element_type=\"container\">\n\t\t\t\t<div class=\"elementor-element elementor-element-a6ee610 elementor-widget elementor-widget-heading\" data-id=\"a6ee610\" data-element_type=\"widget\" data-widget_type=\"heading.default\">\n\t\t\t\t<div class=\"elementor-widget-container\">\n\t\t\t\t\t<h2 class=\"elementor-heading-title elementor-size-default\">Dados de identifica\u00e7\u00e3o\n<\/h2>\t\t\t\t<\/div>\n\t\t\t\t<\/div>\n\t\t\t\t<div class=\"elementor-element elementor-element-8ddc39c elementor-widget elementor-widget-text-editor\" data-id=\"8ddc39c\" data-element_type=\"widget\" data-widget_type=\"text-editor.default\">\n\t\t\t\t<div class=\"elementor-widget-container\">\n\t\t\t\t\t\t\t\t\t<p>PROPRIET\u00c1RIO: CAMBRIDGE BUSINESS INITIATIVES, S.L., com sede em C\/Teide 4, San Sebasti\u00e1n de los Reyes, Madri. NIF: B85512895 <\/p><p>Todos os direitos reservados.<\/p><p>Voc\u00ea pode entrar em contato com o PROPRIET\u00c1RIO por qualquer um dos seguintes meios:<\/p><ul><li>Telefone: +34 91 623 73 84<\/li><li>E-mail: dpo@sygris.com<\/li><\/ul>\t\t\t\t\t\t\t\t<\/div>\n\t\t\t\t<\/div>\n\t\t\t\t<\/div>\n\t\t<div class=\"elementor-element elementor-element-289eae0 e-con-full e-flex e-con e-child\" data-id=\"289eae0\" data-element_type=\"container\">\n\t\t\t\t<div class=\"elementor-element elementor-element-62de9b8 elementor-widget elementor-widget-heading\" data-id=\"62de9b8\" data-element_type=\"widget\" data-widget_type=\"heading.default\">\n\t\t\t\t<div class=\"elementor-widget-container\">\n\t\t\t\t\t<h2 class=\"elementor-heading-title elementor-size-default\">Uso do portal\n<\/h2>\t\t\t\t<\/div>\n\t\t\t\t<\/div>\n\t\t\t\t<div class=\"elementor-element elementor-element-78c6526 elementor-widget elementor-widget-text-editor\" data-id=\"78c6526\" data-element_type=\"widget\" data-widget_type=\"text-editor.default\">\n\t\t\t\t<div class=\"elementor-widget-container\">\n\t\t\t\t\t\t\t\t\t<p>sygris.com oferece acesso a uma grande quantidade de informa\u00e7\u00f5es, servi\u00e7os, programas ou dados (doravante, &#8220;o conte\u00fado&#8221;) na Internet pertencentes ao PROPRIET\u00c1RIO aos quais o USU\u00c1RIO pode ter acesso.<\/p><p>O USU\u00c1RIO assume a responsabilidade pelo uso do portal.<\/p><p>O USU\u00c1RIO se compromete a fazer uso adequado dos conte\u00fados e servi\u00e7os que o TITULAR oferece atrav\u00e9s de seu portal, em particular, a n\u00e3o realizar atividades il\u00edcitas, ilegais ou contr\u00e1rias \u00e0 boa f\u00e9.<\/p>\t\t\t\t\t\t\t\t<\/div>\n\t\t\t\t<\/div>\n\t\t\t\t<\/div>\n\t\t<div class=\"elementor-element elementor-element-530e2c9 e-con-full e-flex e-con e-child\" data-id=\"530e2c9\" data-element_type=\"container\">\n\t\t\t\t<div class=\"elementor-element elementor-element-c42685d elementor-widget elementor-widget-heading\" data-id=\"c42685d\" data-element_type=\"widget\" data-widget_type=\"heading.default\">\n\t\t\t\t<div class=\"elementor-widget-container\">\n\t\t\t\t\t<h2 class=\"elementor-heading-title elementor-size-default\">Conte\u00fado, propriedade intelectual e industrial\n<\/h2>\t\t\t\t<\/div>\n\t\t\t\t<\/div>\n\t\t\t\t<div class=\"elementor-element elementor-element-f6aa0ec elementor-widget elementor-widget-text-editor\" data-id=\"f6aa0ec\" data-element_type=\"widget\" data-widget_type=\"text-editor.default\">\n\t\t\t\t<div class=\"elementor-widget-container\">\n\t\t\t\t\t\t\t\t\t<p>O PROPRIET\u00c1RIO \u00e9 titular de todos os direitos de propriedade intelectual e industrial de seu site, bem como dos elementos nele contidos (incluindo, mas n\u00e3o se limitando a: imagens, fotografias, som, \u00e1udio, v\u00eddeo, software ou textos; marcas ou logotipos, combina\u00e7\u00f5es de cores, estrutura e design, sele\u00e7\u00e3o de materiais utilizados, programas de computador necess\u00e1rios para sua opera\u00e7\u00e3o, acesso e uso, etc.), de propriedade do PROPRIET\u00c1RIO ou de seus licenciadores.<\/p><p>Todos os direitos reservados. De acordo com as disposi\u00e7\u00f5es dos artigos 8 e 32.1, segundo par\u00e1grafo, da Lei de Propriedade Intelectual, a reprodu\u00e7\u00e3o, distribui\u00e7\u00e3o e comunica\u00e7\u00e3o p\u00fablica, incluindo a disponibiliza\u00e7\u00e3o, de todo ou parte do conte\u00fado deste site, para qualquer finalidade, em qualquer m\u00eddia e por qualquer meio t\u00e9cnico, sem a autoriza\u00e7\u00e3o do PROPRIET\u00c1RIO, s\u00e3o expressamente proibidas. <\/p>\t\t\t\t\t\t\t\t<\/div>\n\t\t\t\t<\/div>\n\t\t\t\t<\/div>\n\t\t<div class=\"elementor-element elementor-element-7394488 e-con-full e-flex e-con e-child\" data-id=\"7394488\" data-element_type=\"container\">\n\t\t\t\t<div class=\"elementor-element elementor-element-5154cba elementor-widget elementor-widget-heading\" data-id=\"5154cba\" data-element_type=\"widget\" data-widget_type=\"heading.default\">\n\t\t\t\t<div class=\"elementor-widget-container\">\n\t\t\t\t\t<h2 class=\"elementor-heading-title elementor-size-default\">Isen\u00e7\u00e3o de garantias e responsabilidade\n<\/h2>\t\t\t\t<\/div>\n\t\t\t\t<\/div>\n\t\t\t\t<div class=\"elementor-element elementor-element-afb1491 elementor-widget elementor-widget-text-editor\" data-id=\"afb1491\" data-element_type=\"widget\" data-widget_type=\"text-editor.default\">\n\t\t\t\t<div class=\"elementor-widget-container\">\n\t\t\t\t\t\t\t\t\t<p>O USU\u00c1RIO reconhece que o uso do site e de seus conte\u00fados e servi\u00e7os \u00e9 realizado sob sua exclusiva responsabilidade. Especificamente, apenas a t\u00edtulo de exemplo, o PROPRIET\u00c1RIO n\u00e3o assume nenhuma responsabilidade nas seguintes \u00e1reas: <\/p><ul><li>A disponibilidade do funcionamento do site, seus servi\u00e7os e conte\u00fados e sua qualidade ou interoperabilidade.<\/li><li>A finalidade para a qual o site serve aos prop\u00f3sitos do USU\u00c1RIO.<\/li><li>Viola\u00e7\u00e3o da legisla\u00e7\u00e3o vigente por parte do USU\u00c1RIO ou de terceiros e, especificamente, dos direitos de propriedade intelectual e industrial de propriedade de outras pessoas ou entidades.<\/li><li>A exist\u00eancia de c\u00f3digos maliciosos ou qualquer outro elemento inform\u00e1tico nocivo que possa danificar o sistema inform\u00e1tico do USU\u00c1RIO ou de terceiros. \u00c9 responsabilidade do USU\u00c1RIO, em qualquer caso, dispor de ferramentas adequadas para a detec\u00e7\u00e3o e desinfec\u00e7\u00e3o desses elementos. <\/li><li>O acesso fraudulento aos conte\u00fados ou servi\u00e7os por parte de terceiros n\u00e3o autorizados ou, se for o caso, a captura, elimina\u00e7\u00e3o, altera\u00e7\u00e3o, modifica\u00e7\u00e3o ou manipula\u00e7\u00e3o de mensagens e comunica\u00e7\u00f5es de qualquer tipo que esses terceiros possam realizar.<\/li><li>A exatid\u00e3o, veracidade, atualidade e utilidade do conte\u00fado e dos servi\u00e7os oferecidos e o uso subsequente feito pelo USU\u00c1RIO. O PROPRIET\u00c1RIO empregar\u00e1 todos os esfor\u00e7os e meios razo\u00e1veis para fornecer informa\u00e7\u00f5es atualizadas e confi\u00e1veis. <\/li><li>Danos causados a equipamentos de inform\u00e1tica durante o acesso ao site e danos causados aos USU\u00c1RIOS quando provocados por falhas ou desconex\u00f5es nas redes de telecomunica\u00e7\u00f5es que interrompam o servi\u00e7o. Danos ou preju\u00edzos decorrentes de circunst\u00e2ncias decorrentes de caso fortuito ou for\u00e7a maior. <\/li><\/ul>\t\t\t\t\t\t\t\t<\/div>\n\t\t\t\t<\/div>\n\t\t\t\t<\/div>\n\t\t<div class=\"elementor-element elementor-element-e946fa2 e-con-full e-flex e-con e-child\" data-id=\"e946fa2\" data-element_type=\"container\">\n\t\t\t\t<div class=\"elementor-element elementor-element-19a6ceb elementor-widget elementor-widget-heading\" data-id=\"19a6ceb\" data-element_type=\"widget\" data-widget_type=\"heading.default\">\n\t\t\t\t<div class=\"elementor-widget-container\">\n\t\t\t\t\t<h2 class=\"elementor-heading-title elementor-size-default\">Modifica\u00e7\u00e3o deste aviso legal e dura\u00e7\u00e3o\n<\/h2>\t\t\t\t<\/div>\n\t\t\t\t<\/div>\n\t\t\t\t<div class=\"elementor-element elementor-element-1acfb5d elementor-widget elementor-widget-text-editor\" data-id=\"1acfb5d\" data-element_type=\"widget\" data-widget_type=\"text-editor.default\">\n\t\t\t\t<div class=\"elementor-widget-container\">\n\t\t\t\t\t\t\t\t\tO PROPRIET\u00c1RIO se reserva o direito de realizar, sem aviso pr\u00e9vio, as modifica\u00e7\u00f5es que considerar oportunas em seu portal, podendo alterar, eliminar ou acrescentar tantos conte\u00fados e servi\u00e7os que sejam prestados atrav\u00e9s do mesmo, assim como a forma em que aparecem.\n\n\n\t\t\t\t\t\t\t\t<\/div>\n\t\t\t\t<\/div>\n\t\t\t\t<\/div>\n\t\t<div class=\"elementor-element elementor-element-d0999da e-con-full e-flex e-con e-child\" data-id=\"d0999da\" data-element_type=\"container\">\n\t\t\t\t<div class=\"elementor-element elementor-element-17d9fbb elementor-widget elementor-widget-heading\" data-id=\"17d9fbb\" data-element_type=\"widget\" data-widget_type=\"heading.default\">\n\t\t\t\t<div class=\"elementor-widget-container\">\n\t\t\t\t\t<h2 class=\"elementor-heading-title elementor-size-default\">Direitos de exclus\u00e3o\n<\/h2>\t\t\t\t<\/div>\n\t\t\t\t<\/div>\n\t\t\t\t<div class=\"elementor-element elementor-element-556d052 elementor-widget elementor-widget-text-editor\" data-id=\"556d052\" data-element_type=\"widget\" data-widget_type=\"text-editor.default\">\n\t\t\t\t<div class=\"elementor-widget-container\">\n\t\t\t\t\t\t\t\t\tO PROPRIET\u00c1RIO se reserva o direito de negar ou retirar o acesso ao portal e\/ou aos servi\u00e7os oferecidos sem aviso pr\u00e9vio, a seu pedido ou a pedido de um terceiro, aos usu\u00e1rios que n\u00e3o cumpram com o conte\u00fado deste aviso legal.\n\t\t\t\t\t\t\t\t<\/div>\n\t\t\t\t<\/div>\n\t\t\t\t<\/div>\n\t\t<div class=\"elementor-element elementor-element-d389fd2 e-con-full e-flex e-con e-child\" data-id=\"d389fd2\" data-element_type=\"container\">\n\t\t\t\t<div class=\"elementor-element elementor-element-d0d276a elementor-widget elementor-widget-heading\" data-id=\"d0d276a\" data-element_type=\"widget\" data-widget_type=\"heading.default\">\n\t\t\t\t<div class=\"elementor-widget-container\">\n\t\t\t\t\t<h2 class=\"elementor-heading-title elementor-size-default\">Geral\n<\/h2>\t\t\t\t<\/div>\n\t\t\t\t<\/div>\n\t\t\t\t<div class=\"elementor-element elementor-element-11dbae2 elementor-widget elementor-widget-text-editor\" data-id=\"11dbae2\" data-element_type=\"widget\" data-widget_type=\"text-editor.default\">\n\t\t\t\t<div class=\"elementor-widget-container\">\n\t\t\t\t\t\t\t\t\tO PROPRIET\u00c1RIO perseguir\u00e1 a viola\u00e7\u00e3o destas condi\u00e7\u00f5es, bem como qualquer uso indevido de seu portal, exercendo todas as a\u00e7\u00f5es civis e criminais que lhe possam corresponder por lei.\n\t\t\t\t\t\t\t\t<\/div>\n\t\t\t\t<\/div>\n\t\t\t\t<\/div>\n\t\t<div class=\"elementor-element elementor-element-f057a66 e-con-full e-flex e-con e-child\" data-id=\"f057a66\" data-element_type=\"container\">\n\t\t\t\t<div class=\"elementor-element elementor-element-471b994 elementor-widget elementor-widget-heading\" data-id=\"471b994\" data-element_type=\"widget\" data-widget_type=\"heading.default\">\n\t\t\t\t<div class=\"elementor-widget-container\">\n\t\t\t\t\t<h2 class=\"elementor-heading-title elementor-size-default\">Lei aplic\u00e1vel e jurisdi\u00e7\u00e3o\n<\/h2>\t\t\t\t<\/div>\n\t\t\t\t<\/div>\n\t\t\t\t<div class=\"elementor-element elementor-element-aea70e3 elementor-widget elementor-widget-text-editor\" data-id=\"aea70e3\" data-element_type=\"widget\" data-widget_type=\"text-editor.default\">\n\t\t\t\t<div class=\"elementor-widget-container\">\n\t\t\t\t\t\t\t\t\tA rela\u00e7\u00e3o entre o TITULAR e o USU\u00c1RIO ser\u00e1 regida pela legisla\u00e7\u00e3o espanhola vigente. Todas as disputas e reclama\u00e7\u00f5es decorrentes deste aviso legal ser\u00e3o resolvidas pelos tribunais espanh\u00f3is. \n\t\t\t\t\t\t\t\t<\/div>\n\t\t\t\t<\/div>\n\t\t\t\t<\/div>\n\t\t<div class=\"elementor-element elementor-element-06b6ebd e-con-full e-flex e-con e-child\" data-id=\"06b6ebd\" data-element_type=\"container\">\n\t\t\t\t<div class=\"elementor-element elementor-element-0e18f74 elementor-widget elementor-widget-heading\" data-id=\"0e18f74\" data-element_type=\"widget\" data-widget_type=\"heading.default\">\n\t\t\t\t<div class=\"elementor-widget-container\">\n\t\t\t\t\t<h2 class=\"elementor-heading-title elementor-size-default\">Menores de idade\n<\/h2>\t\t\t\t<\/div>\n\t\t\t\t<\/div>\n\t\t\t\t<div class=\"elementor-element elementor-element-b079397 elementor-widget elementor-widget-text-editor\" data-id=\"b079397\" data-element_type=\"widget\" data-widget_type=\"text-editor.default\">\n\t\t\t\t<div class=\"elementor-widget-container\">\n\t\t\t\t\t\t\t\t\tO sygris.com direciona seus servi\u00e7os a usu\u00e1rios maiores de idade. Os menores de idade n\u00e3o est\u00e3o autorizados a utilizar nossos servi\u00e7os e, portanto, n\u00e3o devem nos enviar seus dados pessoais. Informamos a voc\u00ea que, caso ocorra tal circunst\u00e2ncia, a Cambridge Business Initiatives S.L. n\u00e3o se responsabilizar\u00e1 pelas poss\u00edveis consequ\u00eancias que possam advir do descumprimento do aviso estabelecido nesta cl\u00e1usula.  \n\n\t\t\t\t\t\t\t\t<\/div>\n\t\t\t\t<\/div>\n\t\t\t\t<\/div>\n\t\t\t\t<\/div>\n\t\t\t\t\t<\/div>\n\t\t\t\t<\/div>\n\t\t\t\t<\/div>\n\t\t\t\t<\/div>\n\t\t","protected":false},"excerpt":{"rendered":"<p>Aviso legal Dados de identifica\u00e7\u00e3o PROPRIET\u00c1RIO: CAMBRIDGE BUSINESS INITIATIVES, S.L., com sede em C\/Teide 4, San Sebasti\u00e1n de los Reyes, Madri. NIF: B85512895 Todos os direitos reservados. Voc\u00ea pode entrar em contato com o PROPRIET\u00c1RIO por qualquer um dos seguintes meios: Telefone: +34 91 623 73 84 E-mail: dpo@sygris.com Uso do portal sygris.com oferece acesso [&hellip;]<\/p>\n","protected":false},"author":1,"featured_media":0,"parent":51297,"menu_order":0,"comment_status":"closed","ping_status":"closed","template":"elementor_header_footer","meta":{"_acf_changed":false,"content-type":"","inline_featured_image":false,"footnotes":""},"class_list":["post-48315","page","type-page","status-publish","hentry"],"acf":[],"_links":{"self":[{"href":"https:\/\/sygris.com\/pt-br\/wp-json\/wp\/v2\/pages\/48315","targetHints":{"allow":["GET"]}}],"collection":[{"href":"https:\/\/sygris.com\/pt-br\/wp-json\/wp\/v2\/pages"}],"about":[{"href":"https:\/\/sygris.com\/pt-br\/wp-json\/wp\/v2\/types\/page"}],"author":[{"embeddable":true,"href":"https:\/\/sygris.com\/pt-br\/wp-json\/wp\/v2\/users\/1"}],"replies":[{"embeddable":true,"href":"https:\/\/sygris.com\/pt-br\/wp-json\/wp\/v2\/comments?post=48315"}],"version-history":[{"count":2,"href":"https:\/\/sygris.com\/pt-br\/wp-json\/wp\/v2\/pages\/48315\/revisions"}],"predecessor-version":[{"id":48320,"href":"https:\/\/sygris.com\/pt-br\/wp-json\/wp\/v2\/pages\/48315\/revisions\/48320"}],"up":[{"embeddable":true,"href":"https:\/\/sygris.com\/pt-br\/wp-json\/wp\/v2\/pages\/51297"}],"wp:attachment":[{"href":"https:\/\/sygris.com\/pt-br\/wp-json\/wp\/v2\/media?parent=48315"}],"curies":[{"name":"wp","href":"https:\/\/api.w.org\/{rel}","templated":true}]}}