{"id":53000,"date":"2025-09-30T16:44:29","date_gmt":"2025-09-30T15:44:29","guid":{"rendered":"https:\/\/sygris.com\/contacto-solucoes\/"},"modified":"2025-11-11T12:39:46","modified_gmt":"2025-11-11T11:39:46","slug":"contacto-solucoes","status":"publish","type":"page","link":"https:\/\/sygris.com\/pt-br\/contacto-solucoes\/","title":{"rendered":"Solu\u00e7\u00f5es de contato"},"content":{"rendered":"\t\t<div data-elementor-type=\"wp-page\" data-elementor-id=\"53000\" class=\"elementor elementor-53000 elementor-52973\" data-elementor-post-type=\"page\">\n\t\t\t\t<div class=\"elementor-element elementor-element-301f328 e-flex e-con-boxed e-con e-parent\" data-id=\"301f328\" data-element_type=\"container\">\n\t\t\t\t\t<div class=\"e-con-inner\">\n\t\t<div class=\"elementor-element elementor-element-2732b35 e-con-full e-flex e-con e-child\" data-id=\"2732b35\" data-element_type=\"container\">\n\t\t<div class=\"elementor-element elementor-element-921f610 e-con-full e-flex e-con e-child\" data-id=\"921f610\" data-element_type=\"container\">\n\t\t<div class=\"elementor-element elementor-element-ef9696b e-flex e-con-boxed e-con e-child\" data-id=\"ef9696b\" data-element_type=\"container\">\n\t\t\t\t\t<div class=\"e-con-inner\">\n\t\t\t\t<div class=\"elementor-element elementor-element-3d16fe8 elementor-widget elementor-widget-heading\" data-id=\"3d16fe8\" data-element_type=\"widget\" data-widget_type=\"heading.default\">\n\t\t\t\t<div class=\"elementor-widget-container\">\n\t\t\t\t\t<h1 class=\"elementor-heading-title elementor-size-default\">Fale com um especialista em sustentabilidade e descubra como digitalizar seus dados ESG<\/h1>\t\t\t\t<\/div>\n\t\t\t\t<\/div>\n\t\t\t\t<div class=\"elementor-element elementor-element-2c8a69f elementor-widget elementor-widget-text-editor\" data-id=\"2c8a69f\" data-element_type=\"widget\" data-widget_type=\"text-editor.default\">\n\t\t\t\t<div class=\"elementor-widget-container\">\n\t\t\t\t\t\t\t\t\tTransforme seus processos n\u00e3o financeiros em decis\u00f5es reais.\t\t\t\t\t\t\t\t<\/div>\n\t\t\t\t<\/div>\n\t\t\t\t<div class=\"elementor-element elementor-element-3002889 elementor-widget elementor-widget-text-editor\" data-id=\"3002889\" data-element_type=\"widget\" data-widget_type=\"text-editor.default\">\n\t\t\t\t<div class=\"elementor-widget-container\">\n\t\t\t\t\t\t\t\t\tAgende uma sess\u00e3o personalizada e saiba como a Sygris ajuda os l\u00edderes de mercado a simplificar o gerenciamento de ESG.\t\t\t\t\t\t\t\t<\/div>\n\t\t\t\t<\/div>\n\t\t\t\t\t<\/div>\n\t\t\t\t<\/div>\n\t\t\t\t<div class=\"elementor-element elementor-element-463c79b elementor-hidden-tablet elementor-hidden-mobile elementor-widget elementor-widget-image\" data-id=\"463c79b\" data-element_type=\"widget\" data-widget_type=\"image.default\">\n\t\t\t\t<div class=\"elementor-widget-container\">\n\t\t\t\t\t\t\t\t\t\t\t\t\t\t\t<img fetchpriority=\"high\" decoding=\"async\" width=\"800\" height=\"447\" src=\"https:\/\/sygris.com\/wp-content\/uploads\/2025\/10\/contact-solutions-img-1024x572.png\" class=\"attachment-large size-large wp-image-53046\" alt=\"\" srcset=\"https:\/\/sygris.com\/wp-content\/uploads\/2025\/10\/contact-solutions-img-1024x572.png 1024w, https:\/\/sygris.com\/wp-content\/uploads\/2025\/10\/contact-solutions-img-300x168.png 300w, https:\/\/sygris.com\/wp-content\/uploads\/2025\/10\/contact-solutions-img-768x429.png 768w, https:\/\/sygris.com\/wp-content\/uploads\/2025\/10\/contact-solutions-img-1536x858.png 1536w, https:\/\/sygris.com\/wp-content\/uploads\/2025\/10\/contact-solutions-img.png 1680w\" sizes=\"(max-width: 800px) 100vw, 800px\" \/>\t\t\t\t\t\t\t\t\t\t\t\t\t\t\t<\/div>\n\t\t\t\t<\/div>\n\t\t\t\t<\/div>\n\t\t\t\t<\/div>\n\t\t<div class=\"elementor-element elementor-element-8b206b4 e-con-full e-flex e-con e-child\" data-id=\"8b206b4\" data-element_type=\"container\">\n\t\t\t\t<div class=\"elementor-element elementor-element-7ce9e44 elementor-widget elementor-widget-hubspot-form\" data-id=\"7ce9e44\" data-element_type=\"widget\" data-widget_type=\"hubspot-form.default\">\n\t\t\t\t<div class=\"elementor-widget-container\">\n\t\t\t\t\t\n\t\t\t<div\n\t\t\tclass=\"hs-form-frame\"\n\t\t\tdata-region=\"eu1\"\n\t\t\tdata-form-id=\"1e7b09dd-d37d-406e-b39d-3caa63f85abb\"\n\t\t\tdata-portal-id=\"143783736\"\n\t\t\t >\n\t\t\t<\/div>\n\t\t\t\t\t\t\t<\/div>\n\t\t\t\t<\/div>\n\t\t\t\t<div class=\"elementor-element elementor-element-3d0019f elementor-widget elementor-widget-hubspot-form\" data-id=\"3d0019f\" data-element_type=\"widget\" data-widget_type=\"hubspot-form.default\">\n\t\t\t\t<div class=\"elementor-widget-container\">\n\t\t\t\t\t\n\t\t\t<div\n\t\t\tclass=\"hs-form-frame\"\n\t\t\tdata-region=\"eu1\"\n\t\t\tdata-form-id=\"5ade41b1-6ff5-4566-9e6f-c192197a85e7\"\n\t\t\tdata-portal-id=\"143783736\"\n\t\t\t >\n\t\t\t<\/div>\n\t\t\t\t\t\t\t<\/div>\n\t\t\t\t<\/div>\n\t\t\t\t<div class=\"elementor-element elementor-element-3b146a4 elementor-widget elementor-widget-hubspot-form\" data-id=\"3b146a4\" data-element_type=\"widget\" data-widget_type=\"hubspot-form.default\">\n\t\t\t\t<div class=\"elementor-widget-container\">\n\t\t\t\t\t\n\t\t\t<div\n\t\t\tclass=\"hs-form-frame\"\n\t\t\tdata-region=\"eu1\"\n\t\t\tdata-form-id=\"9583998b-390a-4dc4-a36b-7837bb570a20\"\n\t\t\tdata-portal-id=\"143783736\"\n\t\t\t >\n\t\t\t<\/div>\n\t\t\t\t\t\t\t<\/div>\n\t\t\t\t<\/div>\n\t\t\t\t<\/div>\n\t\t\t\t\t<\/div>\n\t\t\t\t<\/div>\n\t\t\t\t<\/div>\n\t\t","protected":false},"excerpt":{"rendered":"<p>Fale com um especialista em sustentabilidade e descubra como digitalizar seus dados ESG Transforme seus processos n\u00e3o financeiros em decis\u00f5es reais.Agende uma sess\u00e3o personalizada e saiba como a Sygris ajuda os l\u00edderes de mercado a simplificar o gerenciamento de ESG.<\/p>\n","protected":false},"author":24,"featured_media":0,"parent":0,"menu_order":0,"comment_status":"closed","ping_status":"closed","template":"","meta":{"_acf_changed":false,"content-type":"","inline_featured_image":false,"footnotes":""},"class_list":["post-53000","page","type-page","status-publish","hentry"],"acf":[],"_links":{"self":[{"href":"https:\/\/sygris.com\/pt-br\/wp-json\/wp\/v2\/pages\/53000","targetHints":{"allow":["GET"]}}],"collection":[{"href":"https:\/\/sygris.com\/pt-br\/wp-json\/wp\/v2\/pages"}],"about":[{"href":"https:\/\/sygris.com\/pt-br\/wp-json\/wp\/v2\/types\/page"}],"author":[{"embeddable":true,"href":"https:\/\/sygris.com\/pt-br\/wp-json\/wp\/v2\/users\/24"}],"replies":[{"embeddable":true,"href":"https:\/\/sygris.com\/pt-br\/wp-json\/wp\/v2\/comments?post=53000"}],"version-history":[{"count":4,"href":"https:\/\/sygris.com\/pt-br\/wp-json\/wp\/v2\/pages\/53000\/revisions"}],"predecessor-version":[{"id":54566,"href":"https:\/\/sygris.com\/pt-br\/wp-json\/wp\/v2\/pages\/53000\/revisions\/54566"}],"wp:attachment":[{"href":"https:\/\/sygris.com\/pt-br\/wp-json\/wp\/v2\/media?parent=53000"}],"curies":[{"name":"wp","href":"https:\/\/api.w.org\/{rel}","templated":true}]}}